{"id":12701,"date":"2024-04-01T05:22:26","date_gmt":"2024-04-01T05:22:26","guid":{"rendered":"https:\/\/chriscomplex.com\/appartements\/"},"modified":"2024-06-26T08:04:53","modified_gmt":"2024-06-26T08:04:53","slug":"appartements","status":"publish","type":"page","link":"https:\/\/chriscomplex.com\/fr\/appartements\/","title":{"rendered":"Appartements"},"content":{"rendered":"\t\t<div data-elementor-type=\"wp-page\" data-elementor-id=\"12701\" class=\"elementor elementor-12701 elementor-10545\">\n\t\t\t\t<div class=\"elementor-element elementor-element-19becb7 e-flex e-con-boxed e-con e-parent\" data-id=\"19becb7\" data-element_type=\"container\" data-e-type=\"container\">\n\t\t\t\t\t<div class=\"e-con-inner\">\n\t\t<div class=\"elementor-element elementor-element-7100918 e-flex e-con-boxed e-con e-child\" data-id=\"7100918\" data-element_type=\"container\" data-e-type=\"container\">\n\t\t\t\t\t<div class=\"e-con-inner\">\n\t\t\t\t<div class=\"elementor-element elementor-element-67f40b7 elementor-widget elementor-widget-heading\" data-id=\"67f40b7\" data-element_type=\"widget\" data-e-type=\"widget\" data-widget_type=\"heading.default\">\n\t\t\t\t\t<h2 class=\"elementor-heading-title elementor-size-default\">Nos Appartements<\/h2>\t\t\t\t<\/div>\n\t\t\t\t\t<\/div>\n\t\t\t\t<\/div>\n\t\t\t\t\t<\/div>\n\t\t\t\t<\/div>\n\t\t<div class=\"elementor-element elementor-element-48837ff4 e-flex e-con-boxed e-con e-parent\" data-id=\"48837ff4\" data-element_type=\"container\" data-e-type=\"container\">\n\t\t\t\t\t<div class=\"e-con-inner\">\n\t\t<div class=\"elementor-element elementor-element-3a18d796 e-con-full e-flex e-con e-child\" data-id=\"3a18d796\" data-element_type=\"container\" data-e-type=\"container\">\n\t\t\t\t<div class=\"elementor-element elementor-element-3e3ad784 elementor-widget elementor-widget-text-editor\" data-id=\"3e3ad784\" data-element_type=\"widget\" data-e-type=\"widget\" data-widget_type=\"text-editor.default\">\n\t\t\t\t\t\t\t\t\t<div class=\"box\">\n<h3 class=\"h3-style\">Notre appartement<\/h3>\n<p class=\"para-style\">Entrez dans l&#8217;\u00e9l\u00e9gance et le confort in\u00e9gal\u00e9s des appartements Chris Complex Executive Stays. Chaque espace est con\u00e7u pour offrir une exp\u00e9rience de s\u00e9jour luxueuse et int\u00e9gr\u00e9e, alliant admirablement style moderne et fonctionnalit\u00e9.\n\n<\/p>\n\n<\/div>\t\t\t\t\t\t\t\t<\/div>\n\t\t\t\t<\/div>\n\t\t<div class=\"elementor-element elementor-element-5dc381e1 e-con-full e-flex e-con e-child\" data-id=\"5dc381e1\" data-element_type=\"container\" data-e-type=\"container\">\n\t\t\t\t<div class=\"elementor-element elementor-element-2d701a04 elementor-widget elementor-widget-text-editor\" data-id=\"2d701a04\" data-element_type=\"widget\" data-e-type=\"widget\" data-widget_type=\"text-editor.default\">\n\t\t\t\t\t\t\t\t\t<div class=\"box\">\n<h3 class=\"h3-style\">Caract\u00e9ristiques exceptionnelles\n<\/h3>\n<p class=\"para-style\">Nos appartements spacieux disposent de deux chambres et de 2,5 salles de bains, d&#8217;un salon sophistiqu\u00e9 et d&#8217;une salle \u00e0 manger confortable, id\u00e9ale pour prendre vos repas. Chaque unit\u00e9 s&#8217;ouvre sur un balcon avec vue, offrant des panoramas apaisants sur le quartier anim\u00e9 de Damas ou sur le centre commercial voisin, invitant \u00e0 des moments de d\u00e9tente en plein air.\n\n<\/p>\n\n<\/div>\t\t\t\t\t\t\t\t<\/div>\n\t\t\t\t<\/div>\n\t\t<div class=\"elementor-element elementor-element-4d4d348e e-con-full e-flex e-con e-child\" data-id=\"4d4d348e\" data-element_type=\"container\" data-e-type=\"container\">\n\t\t\t\t<div class=\"elementor-element elementor-element-12c430e8 elementor-widget elementor-widget-text-editor\" data-id=\"12c430e8\" data-element_type=\"widget\" data-e-type=\"widget\" data-widget_type=\"text-editor.default\">\n\t\t\t\t\t\t\t\t\t<div class=\"box\">\n<h3 class=\"h3-style\">Une ambiance haut de gamme\n<\/h3>\n<p class=\"para-style\">Plongez dans un environnement o\u00f9 le luxe est pr\u00e9sent dans les moindres d\u00e9tails. Le mobilier haut de gamme, le design moderne et l&#8217;attention m\u00e9ticuleuse port\u00e9e au confort cr\u00e9ent une ambiance sophistiqu\u00e9e. Plongez dans une literie luxueuse et moelleuse qui vous promet des nuits reposantes.<\/p>\n\n<\/div>\t\t\t\t\t\t\t\t<\/div>\n\t\t\t\t<\/div>\n\t\t<div class=\"elementor-element elementor-element-28eb895 e-con-full e-flex e-con e-child\" data-id=\"28eb895\" data-element_type=\"container\" data-e-type=\"container\">\n\t\t\t\t<div class=\"elementor-element elementor-element-2de54e32 elementor-widget elementor-widget-text-editor\" data-id=\"2de54e32\" data-element_type=\"widget\" data-e-type=\"widget\" data-widget_type=\"text-editor.default\">\n\t\t\t\t\t\t\t\t\t<div class=\"box\">\n<h3 class=\"h3-style\">Confort et commodit\u00e9\n<\/h3>\n<p class=\"para-style\">Chaque appartement est \u00e9quip\u00e9 d&#8217;une cuisine moderne avec tous les ustensiles n\u00e9cessaires pour pr\u00e9parer vos plats pr\u00e9f\u00e9r\u00e9s. Des lits confortables, des draps de qualit\u00e9 sup\u00e9rieure et une gamme d&#8217;\u00e9quipements modernes vous garantissent une exp\u00e9rience o\u00f9 le confort se m\u00eale \u00e0 l&#8217;\u00e9l\u00e9gance. Profitez de la commodit\u00e9 de notre laverie sur place, qui vous offre un confort digne d&#8217;une maison.\n\n<\/p>\n\n<\/div>\t\t\t\t\t\t\t\t<\/div>\n\t\t\t\t<\/div>\n\t\t<div class=\"elementor-element elementor-element-eaafad1 e-con-full e-flex e-con e-child\" data-id=\"eaafad1\" data-element_type=\"container\" data-e-type=\"container\">\n\t\t\t\t<div class=\"elementor-element elementor-element-377ffb58 elementor-widget elementor-widget-text-editor\" data-id=\"377ffb58\" data-element_type=\"widget\" data-e-type=\"widget\" data-widget_type=\"text-editor.default\">\n\t\t\t\t\t\t\t\t\t<div class=\"box\">\n<h3 class=\"h3-style\">Situation privil\u00e9gi\u00e9e\n<\/h3>\n<p class=\"para-style\">Situ\u00e9s \u00e0 Damas, en face de la Maison Damas et \u00e0 proximit\u00e9 d&#8217;un grand boulevard commercial, nos appartements offrent un acc\u00e8s in\u00e9gal\u00e9 aux entreprises, aux attractions et \u00e0 l&#8217;effervescence du quartier. D\u00e9couvrez la richesse culturelle et les d\u00e9lices culinaires de Yaound\u00e9, tout en profitant d&#8217;une oasis de tranquillit\u00e9. Laissez Chris Complex Executive Stays \u00eatre votre premier choix pour une escapade luxueuse \u00e0 Yaound\u00e9. R\u00e9servez d\u00e8s maintenant pour faire de votre s\u00e9jour une exp\u00e9rience m\u00e9morable.\n\n<\/p>\n\n<\/div>\t\t\t\t\t\t\t\t<\/div>\n\t\t\t\t<\/div>\n\t\t<div class=\"elementor-element elementor-element-1fe083dd e-con-full e-flex e-con e-child\" data-id=\"1fe083dd\" data-element_type=\"container\" data-e-type=\"container\">\n\t\t\t\t<\/div>\n\t\t\t\t\t<\/div>\n\t\t\t\t<\/div>\n\t\t\t\t<\/div>\n\t\t","protected":false},"excerpt":{"rendered":"<p>Appartements Notre appartement Entrez dans l&#8217;\u00e9l\u00e9gance et le confort in\u00e9gal\u00e9s des appartements Chris Complex Executive Stays. Chaque espace est con\u00e7u pour offrir une exp\u00e9rience de s\u00e9jour luxueuse et int\u00e9gr\u00e9e, alliant admirablement style moderne et fonctionnalit\u00e9. Caract\u00e9ristiques exceptionnelles Nos appartements spacieux disposent de deux chambres et de 2,5 salles de bains, d&#8217;un salon sophistiqu\u00e9 et d&#8217;une [&hellip;]<\/p>\n","protected":false},"author":248607929,"featured_media":12652,"parent":0,"menu_order":0,"comment_status":"closed","ping_status":"closed","template":"","meta":{"_crdt_document":"","jetpack_post_was_ever_published":true,"footnotes":""},"class_list":["post-12701","page","type-page","status-publish","has-post-thumbnail","hentry"],"yoast_head":"<!-- This site is optimized with the Yoast SEO plugin v27.3 - https:\/\/yoast.com\/product\/yoast-seo-wordpress\/ -->\n<title>Appartements<\/title>\n<meta name=\"robots\" content=\"index, follow, max-snippet:-1, max-image-preview:large, max-video-preview:-1\" \/>\n<link rel=\"canonical\" href=\"https:\/\/chriscomplex.com\/fr\/appartements\/\" \/>\n<meta property=\"og:locale\" content=\"fr_FR\" \/>\n<meta property=\"og:locale:alternate\" content=\"fr_FR\" \/>\n<meta property=\"og:type\" content=\"article\" \/>\n<meta property=\"og:title\" content=\"Appartements\" \/>\n<meta property=\"og:description\" content=\"Appartements Notre appartement Entrez dans l&#8217;\u00e9l\u00e9gance et le confort in\u00e9gal\u00e9s des appartements Chris Complex Executive Stays. Chaque espace est con\u00e7u pour offrir une exp\u00e9rience de s\u00e9jour luxueuse et int\u00e9gr\u00e9e, alliant admirablement style moderne et fonctionnalit\u00e9. Caract\u00e9ristiques exceptionnelles Nos appartements spacieux disposent de deux chambres et de 2,5 salles de bains, d&#8217;un salon sophistiqu\u00e9 et d&#8217;une [&hellip;]\" \/>\n<meta property=\"og:url\" content=\"https:\/\/chriscomplex.com\/fr\/appartements\/\" \/>\n<meta property=\"og:site_name\" content=\"Chris Complex Executive Stays\" \/>\n<meta property=\"article:modified_time\" content=\"2024-06-26T08:04:53+00:00\" \/>\n<meta property=\"og:image\" content=\"https:\/\/chriscomplex.com\/wp-content\/uploads\/2024\/04\/About-us_banner-2.png\" \/>\n\t<meta property=\"og:image:width\" content=\"1920\" \/>\n\t<meta property=\"og:image:height\" content=\"350\" \/>\n\t<meta property=\"og:image:type\" content=\"image\/png\" \/>\n<meta name=\"twitter:card\" content=\"summary_large_image\" \/>\n<meta name=\"twitter:label1\" content=\"Dur\u00e9e de lecture estim\u00e9e\" \/>\n\t<meta name=\"twitter:data1\" content=\"3 minutes\" \/>\n<script type=\"application\/ld+json\" class=\"yoast-schema-graph\">{\"@context\":\"https:\\\/\\\/schema.org\",\"@graph\":[{\"@type\":\"WebPage\",\"@id\":\"https:\\\/\\\/chriscomplex.com\\\/fr\\\/appartements\\\/\",\"url\":\"https:\\\/\\\/chriscomplex.com\\\/fr\\\/appartements\\\/\",\"name\":\"Appartements\",\"isPartOf\":{\"@id\":\"https:\\\/\\\/chriscomplex.com\\\/fr\\\/#website\"},\"primaryImageOfPage\":{\"@id\":\"https:\\\/\\\/chriscomplex.com\\\/fr\\\/appartements\\\/#primaryimage\"},\"image\":{\"@id\":\"https:\\\/\\\/chriscomplex.com\\\/fr\\\/appartements\\\/#primaryimage\"},\"thumbnailUrl\":\"https:\\\/\\\/i0.wp.com\\\/chriscomplex.com\\\/wp-content\\\/uploads\\\/2024\\\/04\\\/About-us_banner-2.png?fit=1920%2C350&ssl=1\",\"datePublished\":\"2024-04-01T05:22:26+00:00\",\"dateModified\":\"2024-06-26T08:04:53+00:00\",\"breadcrumb\":{\"@id\":\"https:\\\/\\\/chriscomplex.com\\\/fr\\\/appartements\\\/#breadcrumb\"},\"inLanguage\":\"fr-FR\",\"potentialAction\":[{\"@type\":\"ReadAction\",\"target\":[\"https:\\\/\\\/chriscomplex.com\\\/fr\\\/appartements\\\/\"]}]},{\"@type\":\"ImageObject\",\"inLanguage\":\"fr-FR\",\"@id\":\"https:\\\/\\\/chriscomplex.com\\\/fr\\\/appartements\\\/#primaryimage\",\"url\":\"https:\\\/\\\/i0.wp.com\\\/chriscomplex.com\\\/wp-content\\\/uploads\\\/2024\\\/04\\\/About-us_banner-2.png?fit=1920%2C350&ssl=1\",\"contentUrl\":\"https:\\\/\\\/i0.wp.com\\\/chriscomplex.com\\\/wp-content\\\/uploads\\\/2024\\\/04\\\/About-us_banner-2.png?fit=1920%2C350&ssl=1\",\"width\":1920,\"height\":350},{\"@type\":\"BreadcrumbList\",\"@id\":\"https:\\\/\\\/chriscomplex.com\\\/fr\\\/appartements\\\/#breadcrumb\",\"itemListElement\":[{\"@type\":\"ListItem\",\"position\":1,\"name\":\"Home\",\"item\":\"https:\\\/\\\/chriscomplex.com\\\/fr\\\/\"},{\"@type\":\"ListItem\",\"position\":2,\"name\":\"Appartements\"}]},{\"@type\":\"WebSite\",\"@id\":\"https:\\\/\\\/chriscomplex.com\\\/fr\\\/#website\",\"url\":\"https:\\\/\\\/chriscomplex.com\\\/fr\\\/\",\"name\":\"Chris Complex Executive Stays\",\"description\":\"Luxury Furnished Apartments, Guest Houses in Yaound\u00e9\",\"publisher\":{\"@id\":\"https:\\\/\\\/chriscomplex.com\\\/fr\\\/#organization\"},\"potentialAction\":[{\"@type\":\"SearchAction\",\"target\":{\"@type\":\"EntryPoint\",\"urlTemplate\":\"https:\\\/\\\/chriscomplex.com\\\/fr\\\/?s={search_term_string}\"},\"query-input\":{\"@type\":\"PropertyValueSpecification\",\"valueRequired\":true,\"valueName\":\"search_term_string\"}}],\"inLanguage\":\"fr-FR\"},{\"@type\":\"Organization\",\"@id\":\"https:\\\/\\\/chriscomplex.com\\\/fr\\\/#organization\",\"name\":\"Chris Complex Executive Stays\",\"url\":\"https:\\\/\\\/chriscomplex.com\\\/fr\\\/\",\"logo\":{\"@type\":\"ImageObject\",\"inLanguage\":\"fr-FR\",\"@id\":\"https:\\\/\\\/chriscomplex.com\\\/fr\\\/#\\\/schema\\\/logo\\\/image\\\/\",\"url\":\"https:\\\/\\\/i0.wp.com\\\/chriscomplex.com\\\/wp-content\\\/uploads\\\/2021\\\/04\\\/chris_logo-png.png?fit=250%2C250&ssl=1\",\"contentUrl\":\"https:\\\/\\\/i0.wp.com\\\/chriscomplex.com\\\/wp-content\\\/uploads\\\/2021\\\/04\\\/chris_logo-png.png?fit=250%2C250&ssl=1\",\"width\":250,\"height\":250,\"caption\":\"Chris Complex Executive Stays\"},\"image\":{\"@id\":\"https:\\\/\\\/chriscomplex.com\\\/fr\\\/#\\\/schema\\\/logo\\\/image\\\/\"}}]}<\/script>\n<!-- \/ Yoast SEO plugin. -->","yoast_head_json":{"title":"Appartements","robots":{"index":"index","follow":"follow","max-snippet":"max-snippet:-1","max-image-preview":"max-image-preview:large","max-video-preview":"max-video-preview:-1"},"canonical":"https:\/\/chriscomplex.com\/fr\/appartements\/","og_locale":"fr_FR","og_type":"article","og_title":"[:en]Appartements[:] - Chris Complex Executive Stays","og_description":"Appartements Notre appartement Entrez dans l&#8217;\u00e9l\u00e9gance et le confort in\u00e9gal\u00e9s des appartements Chris Complex Executive Stays. Chaque espace est con\u00e7u pour offrir une exp\u00e9rience de s\u00e9jour luxueuse et int\u00e9gr\u00e9e, alliant admirablement style moderne et fonctionnalit\u00e9. Caract\u00e9ristiques exceptionnelles Nos appartements spacieux disposent de deux chambres et de 2,5 salles de bains, d&#8217;un salon sophistiqu\u00e9 et d&#8217;une [&hellip;]","og_url":"https:\/\/chriscomplex.com\/fr\/appartements\/","og_site_name":"Chris Complex Executive Stays","article_modified_time":"2024-06-26T08:04:53+00:00","og_image":[{"width":1920,"height":350,"url":"https:\/\/chriscomplex.com\/wp-content\/uploads\/2024\/04\/About-us_banner-2.png","type":"image\/png"}],"twitter_card":"summary_large_image","twitter_misc":{"Dur\u00e9e de lecture estim\u00e9e":"3 minutes"},"schema":{"@context":"https:\/\/schema.org","@graph":[{"@type":"WebPage","@id":"https:\/\/chriscomplex.com\/fr\/appartements\/","url":"https:\/\/chriscomplex.com\/fr\/appartements\/","name":"Appartements","isPartOf":{"@id":"https:\/\/chriscomplex.com\/fr\/#website"},"primaryImageOfPage":{"@id":"https:\/\/chriscomplex.com\/fr\/appartements\/#primaryimage"},"image":{"@id":"https:\/\/chriscomplex.com\/fr\/appartements\/#primaryimage"},"thumbnailUrl":"https:\/\/i0.wp.com\/chriscomplex.com\/wp-content\/uploads\/2024\/04\/About-us_banner-2.png?fit=1920%2C350&ssl=1","datePublished":"2024-04-01T05:22:26+00:00","dateModified":"2024-06-26T08:04:53+00:00","breadcrumb":{"@id":"https:\/\/chriscomplex.com\/fr\/appartements\/#breadcrumb"},"inLanguage":"fr-FR","potentialAction":[{"@type":"ReadAction","target":["https:\/\/chriscomplex.com\/fr\/appartements\/"]}]},{"@type":"ImageObject","inLanguage":"fr-FR","@id":"https:\/\/chriscomplex.com\/fr\/appartements\/#primaryimage","url":"https:\/\/i0.wp.com\/chriscomplex.com\/wp-content\/uploads\/2024\/04\/About-us_banner-2.png?fit=1920%2C350&ssl=1","contentUrl":"https:\/\/i0.wp.com\/chriscomplex.com\/wp-content\/uploads\/2024\/04\/About-us_banner-2.png?fit=1920%2C350&ssl=1","width":1920,"height":350},{"@type":"BreadcrumbList","@id":"https:\/\/chriscomplex.com\/fr\/appartements\/#breadcrumb","itemListElement":[{"@type":"ListItem","position":1,"name":"Home","item":"https:\/\/chriscomplex.com\/fr\/"},{"@type":"ListItem","position":2,"name":"Appartements"}]},{"@type":"WebSite","@id":"https:\/\/chriscomplex.com\/fr\/#website","url":"https:\/\/chriscomplex.com\/fr\/","name":"Chris Complex Executive Stays","description":"Luxury Furnished Apartments, Guest Houses in Yaound\u00e9","publisher":{"@id":"https:\/\/chriscomplex.com\/fr\/#organization"},"potentialAction":[{"@type":"SearchAction","target":{"@type":"EntryPoint","urlTemplate":"https:\/\/chriscomplex.com\/fr\/?s={search_term_string}"},"query-input":{"@type":"PropertyValueSpecification","valueRequired":true,"valueName":"search_term_string"}}],"inLanguage":"fr-FR"},{"@type":"Organization","@id":"https:\/\/chriscomplex.com\/fr\/#organization","name":"Chris Complex Executive Stays","url":"https:\/\/chriscomplex.com\/fr\/","logo":{"@type":"ImageObject","inLanguage":"fr-FR","@id":"https:\/\/chriscomplex.com\/fr\/#\/schema\/logo\/image\/","url":"https:\/\/i0.wp.com\/chriscomplex.com\/wp-content\/uploads\/2021\/04\/chris_logo-png.png?fit=250%2C250&ssl=1","contentUrl":"https:\/\/i0.wp.com\/chriscomplex.com\/wp-content\/uploads\/2021\/04\/chris_logo-png.png?fit=250%2C250&ssl=1","width":250,"height":250,"caption":"Chris Complex Executive Stays"},"image":{"@id":"https:\/\/chriscomplex.com\/fr\/#\/schema\/logo\/image\/"}}]}},"jetpack_likes_enabled":true,"jetpack_sharing_enabled":true,"jetpack_shortlink":"https:\/\/wp.me\/PdVVdj-3iR","jetpack-related-posts":[],"_links":{"self":[{"href":"https:\/\/chriscomplex.com\/fr\/wp-json\/wp\/v2\/pages\/12701","targetHints":{"allow":["GET"]}}],"collection":[{"href":"https:\/\/chriscomplex.com\/fr\/wp-json\/wp\/v2\/pages"}],"about":[{"href":"https:\/\/chriscomplex.com\/fr\/wp-json\/wp\/v2\/types\/page"}],"author":[{"embeddable":true,"href":"https:\/\/chriscomplex.com\/fr\/wp-json\/wp\/v2\/users\/248607929"}],"replies":[{"embeddable":true,"href":"https:\/\/chriscomplex.com\/fr\/wp-json\/wp\/v2\/comments?post=12701"}],"version-history":[{"count":8,"href":"https:\/\/chriscomplex.com\/fr\/wp-json\/wp\/v2\/pages\/12701\/revisions"}],"predecessor-version":[{"id":13278,"href":"https:\/\/chriscomplex.com\/fr\/wp-json\/wp\/v2\/pages\/12701\/revisions\/13278"}],"wp:featuredmedia":[{"embeddable":true,"href":"https:\/\/chriscomplex.com\/fr\/wp-json\/wp\/v2\/media\/12652"}],"wp:attachment":[{"href":"https:\/\/chriscomplex.com\/fr\/wp-json\/wp\/v2\/media?parent=12701"}],"curies":[{"name":"wp","href":"https:\/\/api.w.org\/{rel}","templated":true}]}}