{"id":12726,"date":"2024-04-01T05:39:25","date_gmt":"2024-04-01T05:39:25","guid":{"rendered":"https:\/\/chriscomplex.com\/fitness-relaxation-fitness-detente\/"},"modified":"2024-10-09T10:43:16","modified_gmt":"2024-10-09T10:43:16","slug":"fitness-relaxation-2","status":"publish","type":"page","link":"https:\/\/chriscomplex.com\/fr\/fitness-relaxation-2\/","title":{"rendered":"Fitness &#038; D\u00e9tente"},"content":{"rendered":"\t\t<div data-elementor-type=\"wp-page\" data-elementor-id=\"12726\" class=\"elementor elementor-12726 elementor-10565\">\n\t\t\t\t<div class=\"elementor-element elementor-element-5b93148 e-flex e-con-boxed e-con e-parent\" data-id=\"5b93148\" data-element_type=\"container\" data-e-type=\"container\">\n\t\t\t\t\t<div class=\"e-con-inner\">\n\t\t<div class=\"elementor-element elementor-element-660baf0 e-con-full e-flex e-con e-child\" data-id=\"660baf0\" data-element_type=\"container\" data-e-type=\"container\">\n\t\t\t\t<div class=\"elementor-element elementor-element-e08f41b elementor-widget elementor-widget-text-editor\" data-id=\"e08f41b\" data-element_type=\"widget\" data-e-type=\"widget\" data-widget_type=\"text-editor.default\">\n\t\t\t\t\t\t\t\t\t<div class=\"box\">\n<h3 class=\"h3-style\"><strong>Fitness &amp; Bien-\u00eatre<\/strong><\/h3>\n<p class=\"h3-style\"><br \/>Chez Chris Complex Executive Stays, votre bien-\u00eatre est notre priorit\u00e9. Profitez d\u2019un espace enti\u00e8rement con\u00e7u pour la relaxation et le fitness, avec des installations modernes et des services personnalis\u00e9s, pour une exp\u00e9rience de d\u00e9tente optimale et une revitalisation compl\u00e8te.<\/p>\n<\/div>\t\t\t\t\t\t\t\t<\/div>\n\t\t\t\t<\/div>\n\t\t<div class=\"elementor-element elementor-element-e76a7ac e-con-full e-flex e-con e-child\" data-id=\"e76a7ac\" data-element_type=\"container\" data-e-type=\"container\">\n\t\t\t\t<div class=\"elementor-element elementor-element-51ff28a elementor-widget elementor-widget-text-editor\" data-id=\"51ff28a\" data-element_type=\"widget\" data-e-type=\"widget\" data-widget_type=\"text-editor.default\">\n\t\t\t\t\t\t\t\t\t<div class=\"box\">\n<h3 class=\"h3-style\">Gym<\/h3>\n<p class=\"para-style\">Notre salle de sport est \u00e9quip\u00e9e pour r\u00e9pondre aux besoins de tous, des amateurs de fitness aux athl\u00e8tes chevronn\u00e9s. Avec des \u00e9quipements de pointe, notamment des tapis de course, des v\u00e9los elliptiques, des stations de musculation, et un espace d\u00e9di\u00e9 aux poids libres, vous trouverez tout le n\u00e9cessaire pour maintenir votre routine d&#8217;entra\u00eenement en voyage. L&#8217;environnement spacieux et climatis\u00e9 est con\u00e7u pour vous offrir une exp\u00e9rience d&#8217;entra\u00eenement optimale.<\/p>\n<\/div>\t\t\t\t\t\t\t\t<\/div>\n\t\t\t\t<\/div>\n\t\t\t\t\t<\/div>\n\t\t\t\t<\/div>\n\t\t<div class=\"elementor-element elementor-element-a662dbe e-con-full e-flex e-con e-parent\" data-id=\"a662dbe\" data-element_type=\"container\" data-e-type=\"container\">\n\t\t<div class=\"elementor-element elementor-element-43bd877 e-con-full e-flex e-con e-child\" data-id=\"43bd877\" data-element_type=\"container\" data-e-type=\"container\">\n\t\t\t\t<\/div>\n\t\t<div class=\"elementor-element elementor-element-dfd1d67 e-con-full e-flex e-con e-child\" data-id=\"dfd1d67\" data-element_type=\"container\" data-e-type=\"container\">\n\t\t\t\t<div class=\"elementor-element elementor-element-233aa0e elementor-widget elementor-widget-video\" data-id=\"233aa0e\" data-element_type=\"widget\" data-e-type=\"widget\" data-settings=\"{&quot;youtube_url&quot;:&quot;https:\\\/\\\/www.youtube.com\\\/watch?v=2aebWzdAlws&quot;,&quot;video_type&quot;:&quot;youtube&quot;,&quot;controls&quot;:&quot;yes&quot;}\" data-widget_type=\"video.default\">\n\t\t\t\t\t\t\t<div class=\"elementor-wrapper elementor-open-inline\">\n\t\t\t<div class=\"elementor-video\"><\/div>\t\t<\/div>\n\t\t\t\t\t\t<\/div>\n\t\t\t\t<\/div>\n\t\t<div class=\"elementor-element elementor-element-ccb3a0a e-con-full e-flex e-con e-child\" data-id=\"ccb3a0a\" data-element_type=\"container\" data-e-type=\"container\">\n\t\t\t\t<\/div>\n\t\t\t\t<\/div>\n\t\t<div class=\"elementor-element elementor-element-4b985fa e-flex e-con-boxed e-con e-parent\" data-id=\"4b985fa\" data-element_type=\"container\" data-e-type=\"container\">\n\t\t\t\t\t<div class=\"e-con-inner\">\n\t\t<div class=\"elementor-element elementor-element-326ed0d e-con-full e-flex e-con e-child\" data-id=\"326ed0d\" data-element_type=\"container\" data-e-type=\"container\">\n\t\t\t\t<div class=\"elementor-element elementor-element-f3201d1 elementor-widget elementor-widget-text-editor\" data-id=\"f3201d1\" data-element_type=\"widget\" data-e-type=\"widget\" data-widget_type=\"text-editor.default\">\n\t\t\t\t\t\t\t\t\t<div class=\"box\">\n<h3 class=\"h3-style\">Spa<\/h3>\n<p class=\"para-style\">Le Spa de Chris Complex Executive Stays est votre havre de paix, offrant une gamme de soins pour le corps et l&#8217;esprit. Des massages apaisants aux soins de la peau revitalisants, nos th\u00e9rapeutes exp\u00e9riment\u00e9s utilisent des techniques et des produits de haute qualit\u00e9 pour vous transporter dans un \u00e9tat de relaxation profonde. C&#8217;est l&#8217;endroit id\u00e9al pour se ressourcer et \u00e9chapper au stress du quotidien.<\/p>\n<\/div>\t\t\t\t\t\t\t\t<\/div>\n\t\t\t\t<\/div>\n\t\t<div class=\"elementor-element elementor-element-7cb7137 e-con-full e-flex e-con e-child\" data-id=\"7cb7137\" data-element_type=\"container\" data-e-type=\"container\">\n\t\t\t\t<div class=\"elementor-element elementor-element-66ab15d elementor-widget elementor-widget-text-editor\" data-id=\"66ab15d\" data-element_type=\"widget\" data-e-type=\"widget\" data-widget_type=\"text-editor.default\">\n\t\t\t\t\t\t\t\t\t<div class=\"box\">\n<h3 class=\"h3-style\">Salon et Barbier<\/h3>\n<p class=\"para-style\">Pour une exp\u00e9rience de beaut\u00e9 compl\u00e8te, notre salon et barbier sur place propose une vaste gamme de services. Des coupes de cheveux et coiffures tendance aux manucures et p\u00e9dicures soign\u00e9es, nos professionnels de la beaut\u00e9 sont \u00e0 votre disposition pour vous sublimer. Le salon offre \u00e9galement des massages, vous invitant \u00e0 une d\u00e9tente totale du corps et de l&#8217;esprit.<\/p>\n<\/div>\t\t\t\t\t\t\t\t<\/div>\n\t\t\t\t<\/div>\n\t\t\t\t\t<\/div>\n\t\t\t\t<\/div>\n\t\t\t\t<\/div>\n\t\t","protected":false},"excerpt":{"rendered":"<p>Fitness &amp; Bien-\u00eatre Chez Chris Complex Executive Stays, votre bien-\u00eatre est notre priorit\u00e9. Profitez d\u2019un espace enti\u00e8rement con\u00e7u pour la relaxation et le fitness, avec des installations modernes et des services personnalis\u00e9s, pour une exp\u00e9rience de d\u00e9tente optimale et une revitalisation compl\u00e8te. Gym Notre salle de sport est \u00e9quip\u00e9e pour r\u00e9pondre aux besoins de tous, [&hellip;]<\/p>\n","protected":false},"author":248607929,"featured_media":12652,"parent":0,"menu_order":0,"comment_status":"closed","ping_status":"closed","template":"","meta":{"_crdt_document":"","jetpack_post_was_ever_published":false,"footnotes":""},"class_list":["post-12726","page","type-page","status-publish","has-post-thumbnail","hentry"],"yoast_head":"<!-- This site is optimized with the Yoast SEO plugin v27.3 - https:\/\/yoast.com\/product\/yoast-seo-wordpress\/ -->\n<title>Fitness &amp; D\u00e9tente<\/title>\n<meta name=\"robots\" content=\"index, follow, max-snippet:-1, max-image-preview:large, max-video-preview:-1\" \/>\n<link rel=\"canonical\" href=\"https:\/\/chriscomplex.com\/fr\/fitness-relaxation-2\/\" \/>\n<meta property=\"og:locale\" content=\"fr_FR\" \/>\n<meta property=\"og:locale:alternate\" content=\"fr_FR\" \/>\n<meta property=\"og:type\" content=\"article\" \/>\n<meta property=\"og:title\" content=\"Fitness &amp; D\u00e9tente\" \/>\n<meta property=\"og:description\" content=\"Fitness &amp; Bien-\u00eatre Chez Chris Complex Executive Stays, votre bien-\u00eatre est notre priorit\u00e9. Profitez d\u2019un espace enti\u00e8rement con\u00e7u pour la relaxation et le fitness, avec des installations modernes et des services personnalis\u00e9s, pour une exp\u00e9rience de d\u00e9tente optimale et une revitalisation compl\u00e8te. Gym Notre salle de sport est \u00e9quip\u00e9e pour r\u00e9pondre aux besoins de tous, [&hellip;]\" \/>\n<meta property=\"og:url\" content=\"https:\/\/chriscomplex.com\/fr\/fitness-relaxation-2\/\" \/>\n<meta property=\"og:site_name\" content=\"Chris Complex Executive Stays\" \/>\n<meta property=\"article:modified_time\" content=\"2024-10-09T10:43:16+00:00\" \/>\n<meta property=\"og:image\" content=\"https:\/\/chriscomplex.com\/wp-content\/uploads\/2024\/04\/About-us_banner-2.png\" \/>\n\t<meta property=\"og:image:width\" content=\"1920\" \/>\n\t<meta property=\"og:image:height\" content=\"350\" \/>\n\t<meta property=\"og:image:type\" content=\"image\/png\" \/>\n<meta name=\"twitter:card\" content=\"summary_large_image\" \/>\n<meta name=\"twitter:label1\" content=\"Dur\u00e9e de lecture estim\u00e9e\" \/>\n\t<meta name=\"twitter:data1\" content=\"1 minute\" \/>\n<script type=\"application\/ld+json\" class=\"yoast-schema-graph\">{\"@context\":\"https:\\\/\\\/schema.org\",\"@graph\":[{\"@type\":\"WebPage\",\"@id\":\"https:\\\/\\\/chriscomplex.com\\\/fr\\\/fitness-relaxation-2\\\/\",\"url\":\"https:\\\/\\\/chriscomplex.com\\\/fr\\\/fitness-relaxation-2\\\/\",\"name\":\"Fitness & D\u00e9tente\",\"isPartOf\":{\"@id\":\"https:\\\/\\\/chriscomplex.com\\\/fr\\\/#website\"},\"primaryImageOfPage\":{\"@id\":\"https:\\\/\\\/chriscomplex.com\\\/fr\\\/fitness-relaxation-2\\\/#primaryimage\"},\"image\":{\"@id\":\"https:\\\/\\\/chriscomplex.com\\\/fr\\\/fitness-relaxation-2\\\/#primaryimage\"},\"thumbnailUrl\":\"https:\\\/\\\/i0.wp.com\\\/chriscomplex.com\\\/wp-content\\\/uploads\\\/2024\\\/04\\\/About-us_banner-2.png?fit=1920%2C350&ssl=1\",\"datePublished\":\"2024-04-01T05:39:25+00:00\",\"dateModified\":\"2024-10-09T10:43:16+00:00\",\"breadcrumb\":{\"@id\":\"https:\\\/\\\/chriscomplex.com\\\/fr\\\/fitness-relaxation-2\\\/#breadcrumb\"},\"inLanguage\":\"fr-FR\",\"potentialAction\":[{\"@type\":\"ReadAction\",\"target\":[\"https:\\\/\\\/chriscomplex.com\\\/fr\\\/fitness-relaxation-2\\\/\"]}]},{\"@type\":\"ImageObject\",\"inLanguage\":\"fr-FR\",\"@id\":\"https:\\\/\\\/chriscomplex.com\\\/fr\\\/fitness-relaxation-2\\\/#primaryimage\",\"url\":\"https:\\\/\\\/i0.wp.com\\\/chriscomplex.com\\\/wp-content\\\/uploads\\\/2024\\\/04\\\/About-us_banner-2.png?fit=1920%2C350&ssl=1\",\"contentUrl\":\"https:\\\/\\\/i0.wp.com\\\/chriscomplex.com\\\/wp-content\\\/uploads\\\/2024\\\/04\\\/About-us_banner-2.png?fit=1920%2C350&ssl=1\",\"width\":1920,\"height\":350},{\"@type\":\"BreadcrumbList\",\"@id\":\"https:\\\/\\\/chriscomplex.com\\\/fr\\\/fitness-relaxation-2\\\/#breadcrumb\",\"itemListElement\":[{\"@type\":\"ListItem\",\"position\":1,\"name\":\"Home\",\"item\":\"https:\\\/\\\/chriscomplex.com\\\/fr\\\/\"},{\"@type\":\"ListItem\",\"position\":2,\"name\":\"Fitness &#038; D\u00e9tente\"}]},{\"@type\":\"WebSite\",\"@id\":\"https:\\\/\\\/chriscomplex.com\\\/fr\\\/#website\",\"url\":\"https:\\\/\\\/chriscomplex.com\\\/fr\\\/\",\"name\":\"Chris Complex Executive Stays\",\"description\":\"Luxury Furnished Apartments, Guest Houses in Yaound\u00e9\",\"publisher\":{\"@id\":\"https:\\\/\\\/chriscomplex.com\\\/fr\\\/#organization\"},\"potentialAction\":[{\"@type\":\"SearchAction\",\"target\":{\"@type\":\"EntryPoint\",\"urlTemplate\":\"https:\\\/\\\/chriscomplex.com\\\/fr\\\/?s={search_term_string}\"},\"query-input\":{\"@type\":\"PropertyValueSpecification\",\"valueRequired\":true,\"valueName\":\"search_term_string\"}}],\"inLanguage\":\"fr-FR\"},{\"@type\":\"Organization\",\"@id\":\"https:\\\/\\\/chriscomplex.com\\\/fr\\\/#organization\",\"name\":\"Chris Complex Executive Stays\",\"url\":\"https:\\\/\\\/chriscomplex.com\\\/fr\\\/\",\"logo\":{\"@type\":\"ImageObject\",\"inLanguage\":\"fr-FR\",\"@id\":\"https:\\\/\\\/chriscomplex.com\\\/fr\\\/#\\\/schema\\\/logo\\\/image\\\/\",\"url\":\"https:\\\/\\\/i0.wp.com\\\/chriscomplex.com\\\/wp-content\\\/uploads\\\/2021\\\/04\\\/chris_logo-png.png?fit=250%2C250&ssl=1\",\"contentUrl\":\"https:\\\/\\\/i0.wp.com\\\/chriscomplex.com\\\/wp-content\\\/uploads\\\/2021\\\/04\\\/chris_logo-png.png?fit=250%2C250&ssl=1\",\"width\":250,\"height\":250,\"caption\":\"Chris Complex Executive Stays\"},\"image\":{\"@id\":\"https:\\\/\\\/chriscomplex.com\\\/fr\\\/#\\\/schema\\\/logo\\\/image\\\/\"}}]}<\/script>\n<!-- \/ Yoast SEO plugin. -->","yoast_head_json":{"title":"Fitness & D\u00e9tente","robots":{"index":"index","follow":"follow","max-snippet":"max-snippet:-1","max-image-preview":"max-image-preview:large","max-video-preview":"max-video-preview:-1"},"canonical":"https:\/\/chriscomplex.com\/fr\/fitness-relaxation-2\/","og_locale":"fr_FR","og_type":"article","og_title":"[:en]Fitness &amp; D\u00e9tente[:] - Chris Complex Executive Stays","og_description":"Fitness &amp; Bien-\u00eatre Chez Chris Complex Executive Stays, votre bien-\u00eatre est notre priorit\u00e9. Profitez d\u2019un espace enti\u00e8rement con\u00e7u pour la relaxation et le fitness, avec des installations modernes et des services personnalis\u00e9s, pour une exp\u00e9rience de d\u00e9tente optimale et une revitalisation compl\u00e8te. Gym Notre salle de sport est \u00e9quip\u00e9e pour r\u00e9pondre aux besoins de tous, [&hellip;]","og_url":"https:\/\/chriscomplex.com\/fr\/fitness-relaxation-2\/","og_site_name":"Chris Complex Executive Stays","article_modified_time":"2024-10-09T10:43:16+00:00","og_image":[{"width":1920,"height":350,"url":"https:\/\/chriscomplex.com\/wp-content\/uploads\/2024\/04\/About-us_banner-2.png","type":"image\/png"}],"twitter_card":"summary_large_image","twitter_misc":{"Dur\u00e9e de lecture estim\u00e9e":"1 minute"},"schema":{"@context":"https:\/\/schema.org","@graph":[{"@type":"WebPage","@id":"https:\/\/chriscomplex.com\/fr\/fitness-relaxation-2\/","url":"https:\/\/chriscomplex.com\/fr\/fitness-relaxation-2\/","name":"Fitness & D\u00e9tente","isPartOf":{"@id":"https:\/\/chriscomplex.com\/fr\/#website"},"primaryImageOfPage":{"@id":"https:\/\/chriscomplex.com\/fr\/fitness-relaxation-2\/#primaryimage"},"image":{"@id":"https:\/\/chriscomplex.com\/fr\/fitness-relaxation-2\/#primaryimage"},"thumbnailUrl":"https:\/\/i0.wp.com\/chriscomplex.com\/wp-content\/uploads\/2024\/04\/About-us_banner-2.png?fit=1920%2C350&ssl=1","datePublished":"2024-04-01T05:39:25+00:00","dateModified":"2024-10-09T10:43:16+00:00","breadcrumb":{"@id":"https:\/\/chriscomplex.com\/fr\/fitness-relaxation-2\/#breadcrumb"},"inLanguage":"fr-FR","potentialAction":[{"@type":"ReadAction","target":["https:\/\/chriscomplex.com\/fr\/fitness-relaxation-2\/"]}]},{"@type":"ImageObject","inLanguage":"fr-FR","@id":"https:\/\/chriscomplex.com\/fr\/fitness-relaxation-2\/#primaryimage","url":"https:\/\/i0.wp.com\/chriscomplex.com\/wp-content\/uploads\/2024\/04\/About-us_banner-2.png?fit=1920%2C350&ssl=1","contentUrl":"https:\/\/i0.wp.com\/chriscomplex.com\/wp-content\/uploads\/2024\/04\/About-us_banner-2.png?fit=1920%2C350&ssl=1","width":1920,"height":350},{"@type":"BreadcrumbList","@id":"https:\/\/chriscomplex.com\/fr\/fitness-relaxation-2\/#breadcrumb","itemListElement":[{"@type":"ListItem","position":1,"name":"Home","item":"https:\/\/chriscomplex.com\/fr\/"},{"@type":"ListItem","position":2,"name":"Fitness &#038; D\u00e9tente"}]},{"@type":"WebSite","@id":"https:\/\/chriscomplex.com\/fr\/#website","url":"https:\/\/chriscomplex.com\/fr\/","name":"Chris Complex Executive Stays","description":"Luxury Furnished Apartments, Guest Houses in Yaound\u00e9","publisher":{"@id":"https:\/\/chriscomplex.com\/fr\/#organization"},"potentialAction":[{"@type":"SearchAction","target":{"@type":"EntryPoint","urlTemplate":"https:\/\/chriscomplex.com\/fr\/?s={search_term_string}"},"query-input":{"@type":"PropertyValueSpecification","valueRequired":true,"valueName":"search_term_string"}}],"inLanguage":"fr-FR"},{"@type":"Organization","@id":"https:\/\/chriscomplex.com\/fr\/#organization","name":"Chris Complex Executive Stays","url":"https:\/\/chriscomplex.com\/fr\/","logo":{"@type":"ImageObject","inLanguage":"fr-FR","@id":"https:\/\/chriscomplex.com\/fr\/#\/schema\/logo\/image\/","url":"https:\/\/i0.wp.com\/chriscomplex.com\/wp-content\/uploads\/2021\/04\/chris_logo-png.png?fit=250%2C250&ssl=1","contentUrl":"https:\/\/i0.wp.com\/chriscomplex.com\/wp-content\/uploads\/2021\/04\/chris_logo-png.png?fit=250%2C250&ssl=1","width":250,"height":250,"caption":"Chris Complex Executive Stays"},"image":{"@id":"https:\/\/chriscomplex.com\/fr\/#\/schema\/logo\/image\/"}}]}},"jetpack_likes_enabled":true,"jetpack_sharing_enabled":true,"jetpack_shortlink":"https:\/\/wp.me\/PdVVdj-3jg","jetpack-related-posts":[],"_links":{"self":[{"href":"https:\/\/chriscomplex.com\/fr\/wp-json\/wp\/v2\/pages\/12726","targetHints":{"allow":["GET"]}}],"collection":[{"href":"https:\/\/chriscomplex.com\/fr\/wp-json\/wp\/v2\/pages"}],"about":[{"href":"https:\/\/chriscomplex.com\/fr\/wp-json\/wp\/v2\/types\/page"}],"author":[{"embeddable":true,"href":"https:\/\/chriscomplex.com\/fr\/wp-json\/wp\/v2\/users\/248607929"}],"replies":[{"embeddable":true,"href":"https:\/\/chriscomplex.com\/fr\/wp-json\/wp\/v2\/comments?post=12726"}],"version-history":[{"count":16,"href":"https:\/\/chriscomplex.com\/fr\/wp-json\/wp\/v2\/pages\/12726\/revisions"}],"predecessor-version":[{"id":13903,"href":"https:\/\/chriscomplex.com\/fr\/wp-json\/wp\/v2\/pages\/12726\/revisions\/13903"}],"wp:featuredmedia":[{"embeddable":true,"href":"https:\/\/chriscomplex.com\/fr\/wp-json\/wp\/v2\/media\/12652"}],"wp:attachment":[{"href":"https:\/\/chriscomplex.com\/fr\/wp-json\/wp\/v2\/media?parent=12726"}],"curies":[{"name":"wp","href":"https:\/\/api.w.org\/{rel}","templated":true}]}}