{"id":12748,"date":"2024-04-01T05:28:26","date_gmt":"2024-04-01T05:28:26","guid":{"rendered":"https:\/\/chriscomplex.com\/restauration-et-divertissements\/"},"modified":"2024-06-21T11:45:42","modified_gmt":"2024-06-21T11:45:42","slug":"dining-entertainment","status":"publish","type":"page","link":"https:\/\/chriscomplex.com\/fr\/dining-entertainment\/","title":{"rendered":"Restauration et divertissements"},"content":{"rendered":"\t\t<div data-elementor-type=\"wp-page\" data-elementor-id=\"12748\" class=\"elementor elementor-12748 elementor-10558\">\n\t\t\t\t<div class=\"elementor-element elementor-element-f296bce e-flex e-con-boxed e-con e-parent\" data-id=\"f296bce\" data-element_type=\"container\" data-e-type=\"container\">\n\t\t\t\t\t<div class=\"e-con-inner\">\n\t\t<div class=\"elementor-element elementor-element-e08c496 e-con-full e-flex e-con e-child\" data-id=\"e08c496\" data-element_type=\"container\" data-e-type=\"container\">\n\t\t\t\t<div class=\"elementor-element elementor-element-8d251b3 elementor-widget elementor-widget-text-editor\" data-id=\"8d251b3\" data-element_type=\"widget\" data-e-type=\"widget\" data-widget_type=\"text-editor.default\">\n\t\t\t\t\t\t\t\t\t<div class=\"box\">\n<h3 class=\"h3-style\">Restauration et Divertissement<\/h3>\n<p class=\"para-style\">\u00c0 Chris Complex Executive Stays, chaque moment promet d\u00e9couverte et plaisir gr\u00e2ce \u00e0 nos options de restauration et de divertissement. Notre complexe vous invite \u00e0 un voyage sensoriel, enrichissant votre s\u00e9jour de saveurs exquises et d&#8217;exp\u00e9riences r\u00e9cr\u00e9atives.<\/p>\n\n<\/div>\t\t\t\t\t\t\t\t<\/div>\n\t\t\t\t<\/div>\n\t\t<div class=\"elementor-element elementor-element-3dca1ca e-con-full e-flex e-con e-child\" data-id=\"3dca1ca\" data-element_type=\"container\" data-e-type=\"container\">\n\t\t\t\t<div class=\"elementor-element elementor-element-811f7a6 elementor-widget elementor-widget-text-editor\" data-id=\"811f7a6\" data-element_type=\"widget\" data-e-type=\"widget\" data-widget_type=\"text-editor.default\">\n\t\t\t\t\t\t\t\t\t<div class=\"box\">\n<h3 class=\"h3-style\">Damas Bistro<\/h3>\n<p class=\"para-style\">Damas Bistro, notre restaurant phare, offre une cuisine fine dans un cadre \u00e9l\u00e9gant et accueillant. Profitez de plats exquis, o\u00f9 les saveurs locales rencontrent des influences internationales, pr\u00e9par\u00e9s avec passion par nos chefs. Damas Bistro rend chaque repas inoubliable, avec la commodit\u00e9 d&#8217;un service en chambre pour ceux qui pr\u00e9f\u00e8rent d\u00eener dans l&#8217;intimit\u00e9 de leur appartement.<\/p>\n\n<\/div>\t\t\t\t\t\t\t\t<\/div>\n\t\t\t\t<\/div>\n\t\t<div class=\"elementor-element elementor-element-a758283 e-con-full e-flex e-con e-child\" data-id=\"a758283\" data-element_type=\"container\" data-e-type=\"container\">\n\t\t\t\t<div class=\"elementor-element elementor-element-4658e6c elementor-widget elementor-widget-text-editor\" data-id=\"4658e6c\" data-element_type=\"widget\" data-e-type=\"widget\" data-widget_type=\"text-editor.default\">\n\t\t\t\t\t\t\t\t\t<div class=\"box\">\n<h3 class=\"h3-style\">Eclipse Nightclub<\/h3>\n<p class=\"para-style\">Plongez dans l&#8217;ambiance \u00e9lectrisante d&#8217;Eclipse, notre nightclub exclusif. Des DJ de renom, tant locaux qu&#8217;internationaux, garantissent des nuits anim\u00e9es, cr\u00e9ant des moments m\u00e9morables au rythme de la musique. Eclipse vous promet le meilleur de la vie nocturne de Yaound\u00e9 \u00e0 quelques pas de votre porte.<\/p>\n\n<\/div>\t\t\t\t\t\t\t\t<\/div>\n\t\t\t\t<\/div>\n\t\t<div class=\"elementor-element elementor-element-f3d38c2 e-con-full e-flex e-con e-child\" data-id=\"f3d38c2\" data-element_type=\"container\" data-e-type=\"container\">\n\t\t\t\t<div class=\"elementor-element elementor-element-09ef937 elementor-widget elementor-widget-text-editor\" data-id=\"09ef937\" data-element_type=\"widget\" data-e-type=\"widget\" data-widget_type=\"text-editor.default\">\n\t\t\t\t\t\t\t\t\t<div class=\"box\">\n<h3 class=\"h3-style\">Salle de Billard<\/h3>\n<p class=\"para-style\">Notre Salle de Billard est l&#8217;espace id\u00e9al pour les amateurs de snooker, offrant un cadre sophistiqu\u00e9 pour des parties amicales. C&#8217;est le lieu parfait pour se d\u00e9tendre et profiter d&#8217;un moment agr\u00e9able en bonne compagnie.<\/p>\n\n<\/div>\t\t\t\t\t\t\t\t<\/div>\n\t\t\t\t<\/div>\n\t\t<div class=\"elementor-element elementor-element-5a25914 e-con-full e-flex e-con e-child\" data-id=\"5a25914\" data-element_type=\"container\" data-e-type=\"container\">\n\t\t\t\t<div class=\"elementor-element elementor-element-fc2b7b5 elementor-widget elementor-widget-text-editor\" data-id=\"fc2b7b5\" data-element_type=\"widget\" data-e-type=\"widget\" data-widget_type=\"text-editor.default\">\n\t\t\t\t\t\t\t\t\t<div class=\"box\">\n<h3 class=\"h3-style\">Boulangerie sur Place<\/h3>\n<p class=\"para-style\">Notre boulangerie vous accueille chaque matin avec ses ar\u00f4mes all\u00e9chants de pains et viennoiseries fra\u00eechement pr\u00e9par\u00e9s. Commencez votre journ\u00e9e par un d\u00e9lice culinaire, accompagn\u00e9 d&#8217;un caf\u00e9 ou th\u00e9 de choix.<\/p>\n\n<\/div>\t\t\t\t\t\t\t\t<\/div>\n\t\t\t\t<\/div>\n\t\t<div class=\"elementor-element elementor-element-be193c3 e-con-full e-flex e-con e-child\" data-id=\"be193c3\" data-element_type=\"container\" data-e-type=\"container\">\n\t\t\t\t<div class=\"elementor-element elementor-element-4713820 elementor-widget elementor-widget-text-editor\" data-id=\"4713820\" data-element_type=\"widget\" data-e-type=\"widget\" data-widget_type=\"text-editor.default\">\n\t\t\t\t\t\t\t\t\t<div class=\"box\">\n<h3 class=\"h3-style\">Sports Bar Lounge<\/h3>\n<p class=\"para-style\">Notre Sports Bar Lounge, avec son patio et trois \u00e9crans TV de 65 pouces, est le rendez-vous des passionn\u00e9s de sport. Vivez les grands matchs de football et autres \u00e9v\u00e9nements sportifs dans une ambiance vibrante et conviviale. C&#8217;est l&#8217;endroit id\u00e9al pour se retrouver entre amis et partager la passion du sport autour d&#8217;un verre.<\/p>\n\n<\/div>\t\t\t\t\t\t\t\t<\/div>\n\t\t\t\t<\/div>\n\t\t\t\t\t<\/div>\n\t\t\t\t<\/div>\n\t\t\t\t<\/div>\n\t\t","protected":false},"excerpt":{"rendered":"<p>Restauration et divertissements Au Chris Complex Executive Stays, chaque instant est une promesse de d\u00e9couverte et de plaisir gr\u00e2ce \u00e0 nos options de restauration et de divertissement. Notre complexe vous invite \u00e0 un voyage sensoriel, enrichissant votre s\u00e9jour de saveurs exquises et d&#8217;exp\u00e9riences r\u00e9cr\u00e9atives. Damas Bistro Le Damas Bistro, notre restaurant embl\u00e9matique, propose une cuisine [&hellip;]<\/p>\n","protected":false},"author":248607929,"featured_media":12652,"parent":0,"menu_order":0,"comment_status":"closed","ping_status":"closed","template":"","meta":{"_crdt_document":"","jetpack_post_was_ever_published":false,"footnotes":""},"class_list":["post-12748","page","type-page","status-publish","has-post-thumbnail","hentry"],"yoast_head":"<!-- This site is optimized with the Yoast SEO plugin v27.3 - https:\/\/yoast.com\/product\/yoast-seo-wordpress\/ -->\n<title>Restauration et divertissements<\/title>\n<meta name=\"robots\" content=\"index, follow, max-snippet:-1, max-image-preview:large, max-video-preview:-1\" \/>\n<link rel=\"canonical\" href=\"https:\/\/chriscomplex.com\/fr\/dining-entertainment\/\" \/>\n<meta property=\"og:locale\" content=\"fr_FR\" \/>\n<meta property=\"og:locale:alternate\" content=\"fr_FR\" \/>\n<meta property=\"og:type\" content=\"article\" \/>\n<meta property=\"og:title\" content=\"Restauration et divertissements\" \/>\n<meta property=\"og:description\" content=\"Restauration et divertissements Au Chris Complex Executive Stays, chaque instant est une promesse de d\u00e9couverte et de plaisir gr\u00e2ce \u00e0 nos options de restauration et de divertissement. Notre complexe vous invite \u00e0 un voyage sensoriel, enrichissant votre s\u00e9jour de saveurs exquises et d&#8217;exp\u00e9riences r\u00e9cr\u00e9atives. Damas Bistro Le Damas Bistro, notre restaurant embl\u00e9matique, propose une cuisine [&hellip;]\" \/>\n<meta property=\"og:url\" content=\"https:\/\/chriscomplex.com\/fr\/dining-entertainment\/\" \/>\n<meta property=\"og:site_name\" content=\"Chris Complex Executive Stays\" \/>\n<meta property=\"article:modified_time\" content=\"2024-06-21T11:45:42+00:00\" \/>\n<meta property=\"og:image\" content=\"https:\/\/chriscomplex.com\/wp-content\/uploads\/2024\/04\/About-us_banner-2.png\" \/>\n\t<meta property=\"og:image:width\" content=\"1920\" \/>\n\t<meta property=\"og:image:height\" content=\"350\" \/>\n\t<meta property=\"og:image:type\" content=\"image\/png\" \/>\n<meta name=\"twitter:card\" content=\"summary_large_image\" \/>\n<meta name=\"twitter:label1\" content=\"Dur\u00e9e de lecture estim\u00e9e\" \/>\n\t<meta name=\"twitter:data1\" content=\"3 minutes\" \/>\n<script type=\"application\/ld+json\" class=\"yoast-schema-graph\">{\"@context\":\"https:\\\/\\\/schema.org\",\"@graph\":[{\"@type\":\"WebPage\",\"@id\":\"https:\\\/\\\/chriscomplex.com\\\/fr\\\/dining-entertainment\\\/\",\"url\":\"https:\\\/\\\/chriscomplex.com\\\/fr\\\/dining-entertainment\\\/\",\"name\":\"Restauration et divertissements\",\"isPartOf\":{\"@id\":\"https:\\\/\\\/chriscomplex.com\\\/fr\\\/#website\"},\"primaryImageOfPage\":{\"@id\":\"https:\\\/\\\/chriscomplex.com\\\/fr\\\/dining-entertainment\\\/#primaryimage\"},\"image\":{\"@id\":\"https:\\\/\\\/chriscomplex.com\\\/fr\\\/dining-entertainment\\\/#primaryimage\"},\"thumbnailUrl\":\"https:\\\/\\\/i0.wp.com\\\/chriscomplex.com\\\/wp-content\\\/uploads\\\/2024\\\/04\\\/About-us_banner-2.png?fit=1920%2C350&ssl=1\",\"datePublished\":\"2024-04-01T05:28:26+00:00\",\"dateModified\":\"2024-06-21T11:45:42+00:00\",\"breadcrumb\":{\"@id\":\"https:\\\/\\\/chriscomplex.com\\\/fr\\\/dining-entertainment\\\/#breadcrumb\"},\"inLanguage\":\"fr-FR\",\"potentialAction\":[{\"@type\":\"ReadAction\",\"target\":[\"https:\\\/\\\/chriscomplex.com\\\/fr\\\/dining-entertainment\\\/\"]}]},{\"@type\":\"ImageObject\",\"inLanguage\":\"fr-FR\",\"@id\":\"https:\\\/\\\/chriscomplex.com\\\/fr\\\/dining-entertainment\\\/#primaryimage\",\"url\":\"https:\\\/\\\/i0.wp.com\\\/chriscomplex.com\\\/wp-content\\\/uploads\\\/2024\\\/04\\\/About-us_banner-2.png?fit=1920%2C350&ssl=1\",\"contentUrl\":\"https:\\\/\\\/i0.wp.com\\\/chriscomplex.com\\\/wp-content\\\/uploads\\\/2024\\\/04\\\/About-us_banner-2.png?fit=1920%2C350&ssl=1\",\"width\":1920,\"height\":350},{\"@type\":\"BreadcrumbList\",\"@id\":\"https:\\\/\\\/chriscomplex.com\\\/fr\\\/dining-entertainment\\\/#breadcrumb\",\"itemListElement\":[{\"@type\":\"ListItem\",\"position\":1,\"name\":\"Home\",\"item\":\"https:\\\/\\\/chriscomplex.com\\\/fr\\\/\"},{\"@type\":\"ListItem\",\"position\":2,\"name\":\"Dining &#038; Entertainment\"}]},{\"@type\":\"WebSite\",\"@id\":\"https:\\\/\\\/chriscomplex.com\\\/fr\\\/#website\",\"url\":\"https:\\\/\\\/chriscomplex.com\\\/fr\\\/\",\"name\":\"Chris Complex Executive Stays\",\"description\":\"Luxury Furnished Apartments, Guest Houses in Yaound\u00e9\",\"publisher\":{\"@id\":\"https:\\\/\\\/chriscomplex.com\\\/fr\\\/#organization\"},\"potentialAction\":[{\"@type\":\"SearchAction\",\"target\":{\"@type\":\"EntryPoint\",\"urlTemplate\":\"https:\\\/\\\/chriscomplex.com\\\/fr\\\/?s={search_term_string}\"},\"query-input\":{\"@type\":\"PropertyValueSpecification\",\"valueRequired\":true,\"valueName\":\"search_term_string\"}}],\"inLanguage\":\"fr-FR\"},{\"@type\":\"Organization\",\"@id\":\"https:\\\/\\\/chriscomplex.com\\\/fr\\\/#organization\",\"name\":\"Chris Complex Executive Stays\",\"url\":\"https:\\\/\\\/chriscomplex.com\\\/fr\\\/\",\"logo\":{\"@type\":\"ImageObject\",\"inLanguage\":\"fr-FR\",\"@id\":\"https:\\\/\\\/chriscomplex.com\\\/fr\\\/#\\\/schema\\\/logo\\\/image\\\/\",\"url\":\"https:\\\/\\\/i0.wp.com\\\/chriscomplex.com\\\/wp-content\\\/uploads\\\/2021\\\/04\\\/chris_logo-png.png?fit=250%2C250&ssl=1\",\"contentUrl\":\"https:\\\/\\\/i0.wp.com\\\/chriscomplex.com\\\/wp-content\\\/uploads\\\/2021\\\/04\\\/chris_logo-png.png?fit=250%2C250&ssl=1\",\"width\":250,\"height\":250,\"caption\":\"Chris Complex Executive Stays\"},\"image\":{\"@id\":\"https:\\\/\\\/chriscomplex.com\\\/fr\\\/#\\\/schema\\\/logo\\\/image\\\/\"}}]}<\/script>\n<!-- \/ Yoast SEO plugin. -->","yoast_head_json":{"title":"Restauration et divertissements","robots":{"index":"index","follow":"follow","max-snippet":"max-snippet:-1","max-image-preview":"max-image-preview:large","max-video-preview":"max-video-preview:-1"},"canonical":"https:\/\/chriscomplex.com\/fr\/dining-entertainment\/","og_locale":"fr_FR","og_type":"article","og_title":"[:en]Restauration et divertissements[:fr]Dining &amp; Entertainment[:] - Chris Complex Executive Stays","og_description":"Restauration et divertissements Au Chris Complex Executive Stays, chaque instant est une promesse de d\u00e9couverte et de plaisir gr\u00e2ce \u00e0 nos options de restauration et de divertissement. Notre complexe vous invite \u00e0 un voyage sensoriel, enrichissant votre s\u00e9jour de saveurs exquises et d&#8217;exp\u00e9riences r\u00e9cr\u00e9atives. Damas Bistro Le Damas Bistro, notre restaurant embl\u00e9matique, propose une cuisine [&hellip;]","og_url":"https:\/\/chriscomplex.com\/fr\/dining-entertainment\/","og_site_name":"Chris Complex Executive Stays","article_modified_time":"2024-06-21T11:45:42+00:00","og_image":[{"width":1920,"height":350,"url":"https:\/\/chriscomplex.com\/wp-content\/uploads\/2024\/04\/About-us_banner-2.png","type":"image\/png"}],"twitter_card":"summary_large_image","twitter_misc":{"Dur\u00e9e de lecture estim\u00e9e":"3 minutes"},"schema":{"@context":"https:\/\/schema.org","@graph":[{"@type":"WebPage","@id":"https:\/\/chriscomplex.com\/fr\/dining-entertainment\/","url":"https:\/\/chriscomplex.com\/fr\/dining-entertainment\/","name":"Restauration et divertissements","isPartOf":{"@id":"https:\/\/chriscomplex.com\/fr\/#website"},"primaryImageOfPage":{"@id":"https:\/\/chriscomplex.com\/fr\/dining-entertainment\/#primaryimage"},"image":{"@id":"https:\/\/chriscomplex.com\/fr\/dining-entertainment\/#primaryimage"},"thumbnailUrl":"https:\/\/i0.wp.com\/chriscomplex.com\/wp-content\/uploads\/2024\/04\/About-us_banner-2.png?fit=1920%2C350&ssl=1","datePublished":"2024-04-01T05:28:26+00:00","dateModified":"2024-06-21T11:45:42+00:00","breadcrumb":{"@id":"https:\/\/chriscomplex.com\/fr\/dining-entertainment\/#breadcrumb"},"inLanguage":"fr-FR","potentialAction":[{"@type":"ReadAction","target":["https:\/\/chriscomplex.com\/fr\/dining-entertainment\/"]}]},{"@type":"ImageObject","inLanguage":"fr-FR","@id":"https:\/\/chriscomplex.com\/fr\/dining-entertainment\/#primaryimage","url":"https:\/\/i0.wp.com\/chriscomplex.com\/wp-content\/uploads\/2024\/04\/About-us_banner-2.png?fit=1920%2C350&ssl=1","contentUrl":"https:\/\/i0.wp.com\/chriscomplex.com\/wp-content\/uploads\/2024\/04\/About-us_banner-2.png?fit=1920%2C350&ssl=1","width":1920,"height":350},{"@type":"BreadcrumbList","@id":"https:\/\/chriscomplex.com\/fr\/dining-entertainment\/#breadcrumb","itemListElement":[{"@type":"ListItem","position":1,"name":"Home","item":"https:\/\/chriscomplex.com\/fr\/"},{"@type":"ListItem","position":2,"name":"Dining &#038; Entertainment"}]},{"@type":"WebSite","@id":"https:\/\/chriscomplex.com\/fr\/#website","url":"https:\/\/chriscomplex.com\/fr\/","name":"Chris Complex Executive Stays","description":"Luxury Furnished Apartments, Guest Houses in Yaound\u00e9","publisher":{"@id":"https:\/\/chriscomplex.com\/fr\/#organization"},"potentialAction":[{"@type":"SearchAction","target":{"@type":"EntryPoint","urlTemplate":"https:\/\/chriscomplex.com\/fr\/?s={search_term_string}"},"query-input":{"@type":"PropertyValueSpecification","valueRequired":true,"valueName":"search_term_string"}}],"inLanguage":"fr-FR"},{"@type":"Organization","@id":"https:\/\/chriscomplex.com\/fr\/#organization","name":"Chris Complex Executive Stays","url":"https:\/\/chriscomplex.com\/fr\/","logo":{"@type":"ImageObject","inLanguage":"fr-FR","@id":"https:\/\/chriscomplex.com\/fr\/#\/schema\/logo\/image\/","url":"https:\/\/i0.wp.com\/chriscomplex.com\/wp-content\/uploads\/2021\/04\/chris_logo-png.png?fit=250%2C250&ssl=1","contentUrl":"https:\/\/i0.wp.com\/chriscomplex.com\/wp-content\/uploads\/2021\/04\/chris_logo-png.png?fit=250%2C250&ssl=1","width":250,"height":250,"caption":"Chris Complex Executive Stays"},"image":{"@id":"https:\/\/chriscomplex.com\/fr\/#\/schema\/logo\/image\/"}}]}},"jetpack_likes_enabled":true,"jetpack_sharing_enabled":true,"jetpack_shortlink":"https:\/\/wp.me\/PdVVdj-3jC","jetpack-related-posts":[],"_links":{"self":[{"href":"https:\/\/chriscomplex.com\/fr\/wp-json\/wp\/v2\/pages\/12748","targetHints":{"allow":["GET"]}}],"collection":[{"href":"https:\/\/chriscomplex.com\/fr\/wp-json\/wp\/v2\/pages"}],"about":[{"href":"https:\/\/chriscomplex.com\/fr\/wp-json\/wp\/v2\/types\/page"}],"author":[{"embeddable":true,"href":"https:\/\/chriscomplex.com\/fr\/wp-json\/wp\/v2\/users\/248607929"}],"replies":[{"embeddable":true,"href":"https:\/\/chriscomplex.com\/fr\/wp-json\/wp\/v2\/comments?post=12748"}],"version-history":[{"count":6,"href":"https:\/\/chriscomplex.com\/fr\/wp-json\/wp\/v2\/pages\/12748\/revisions"}],"predecessor-version":[{"id":12945,"href":"https:\/\/chriscomplex.com\/fr\/wp-json\/wp\/v2\/pages\/12748\/revisions\/12945"}],"wp:featuredmedia":[{"embeddable":true,"href":"https:\/\/chriscomplex.com\/fr\/wp-json\/wp\/v2\/media\/12652"}],"wp:attachment":[{"href":"https:\/\/chriscomplex.com\/fr\/wp-json\/wp\/v2\/media?parent=12748"}],"curies":[{"name":"wp","href":"https:\/\/api.w.org\/{rel}","templated":true}]}}