{"id":12917,"date":"2021-07-16T11:36:11","date_gmt":"2021-07-16T11:36:11","guid":{"rendered":"https:\/\/chriscomplex.com\/fr\/contact-us\/"},"modified":"2024-06-27T05:35:22","modified_gmt":"2024-06-27T05:35:22","slug":"contact-us-2","status":"publish","type":"page","link":"https:\/\/chriscomplex.com\/fr\/contact-us-2\/","title":{"rendered":"Contact Us"},"content":{"rendered":"\t\t<div data-elementor-type=\"wp-post\" data-elementor-id=\"12917\" class=\"elementor elementor-12917 elementor-382\">\n\t\t\t\t\t\t<section class=\"elementor-section elementor-top-section elementor-element elementor-element-97ab970 elementor-section-boxed elementor-section-height-default elementor-section-height-default\" data-id=\"97ab970\" data-element_type=\"section\" data-e-type=\"section\">\n\t\t\t\t\t\t<div class=\"elementor-container elementor-column-gap-default\">\n\t\t\t\t\t<div class=\"elementor-column elementor-col-100 elementor-top-column elementor-element elementor-element-795f762\" data-id=\"795f762\" data-element_type=\"column\" data-e-type=\"column\">\n\t\t\t<div class=\"elementor-widget-wrap elementor-element-populated\">\n\t\t\t\t\t\t<div class=\"elementor-element elementor-element-993157f elementor-widget elementor-widget-spacer\" data-id=\"993157f\" data-element_type=\"widget\" data-e-type=\"widget\" data-widget_type=\"spacer.default\">\n\t\t\t\t\t\t\t<div class=\"elementor-spacer\">\n\t\t\t<div class=\"elementor-spacer-inner\"><\/div>\n\t\t<\/div>\n\t\t\t\t\t\t<\/div>\n\t\t\t\t<div class=\"elementor-element-custom_font_size elementor-element-custom_color elementor-element elementor-element-e8da869 elementor-widget elementor-widget-text-editor\" data-id=\"e8da869\" data-element_type=\"widget\" data-e-type=\"widget\" data-widget_type=\"text-editor.default\">\n\t\t\t\t\t\t\t\t\t<p>Nous sommes l\u00e0 pour rendre votre exp\u00e9rience chez Chris Complex Executive Stays aussi agr\u00e9able et sans tracas que possible. Que vous souhaitiez effectuer une r\u00e9servation, avoir des questions sur nos services ou simplement en savoir plus sur ce que nous avons \u00e0 vous proposer, voici toutes les fa\u00e7ons dont vous pouvez nous contacter.<\/p>\n\t\t\t\t\t\t\t\t<\/div>\n\t\t\t\t\t<\/div>\n\t\t<\/div>\n\t\t\t\t\t<\/div>\n\t\t<\/section>\n\t\t\t\t<section class=\"elementor-section elementor-top-section elementor-element elementor-element-af3eb13 elementor-section-boxed elementor-section-height-default elementor-section-height-default\" data-id=\"af3eb13\" data-element_type=\"section\" data-e-type=\"section\">\n\t\t\t\t\t\t<div class=\"elementor-container elementor-column-gap-default\">\n\t\t\t\t\t<div class=\"elementor-column elementor-col-33 elementor-top-column elementor-element elementor-element-a15aad9\" data-id=\"a15aad9\" data-element_type=\"column\" data-e-type=\"column\">\n\t\t\t<div class=\"elementor-widget-wrap elementor-element-populated\">\n\t\t\t\t\t\t<div class=\"elementor-element elementor-element-5d1fa19 elementor-widget elementor-widget-spacer\" data-id=\"5d1fa19\" data-element_type=\"widget\" data-e-type=\"widget\" data-widget_type=\"spacer.default\">\n\t\t\t\t\t\t\t<div class=\"elementor-spacer\">\n\t\t\t<div class=\"elementor-spacer-inner\"><\/div>\n\t\t<\/div>\n\t\t\t\t\t\t<\/div>\n\t\t\t\t<div class=\"elementor-element elementor-element-c2807bc elementor-widget elementor-widget-gt3-core-custommeta\" data-id=\"c2807bc\" data-element_type=\"widget\" data-e-type=\"widget\" data-widget_type=\"gt3-core-custommeta.default\">\n\t\t\t\t<div class=\"elementor-widget-container\">\n\t\t\t\t\t<div class=\"gt3_meta_values_wrapper vertical align_left\"><div class=\"gt3_meta_values_item elementor-repeater-item-04db689\"><span class=\"gt3_meta_label_title\">Phone:<\/span><div class=\"gt3_meta_value type_custom\"><\/div><\/div><div class=\"gt3_meta_values_item elementor-repeater-item-f3130a3\"><div class=\"gt3_meta_value type_custom\">Pour une assistance directe, contactez notre responsable local, Bivirka C., au<a href=\"tel:677629515\">677629515<\/a>\n.\n<\/div><\/div><div class=\"gt3_meta_values_item elementor-repeater-item-1b38fef\"><div class=\"gt3_meta_value type_custom\">COO Madame Stephanie: <a href=\"tel:+237652538039\">+237 652538039<\/a>\n.\n<\/div><\/div><div class=\"gt3_meta_values_item elementor-repeater-item-721214e\"><div class=\"gt3_meta_value type_custom\">Gestionnaire de l'immeuble M. Rufus :\n <a href=\"tel:+237676943328\">+237 67694 3328<\/a>\n.\n<\/div><\/div><div class=\"gt3_meta_values_item elementor-repeater-item-210ff16\"><span class=\"gt3_meta_label_title\">Send Email:<\/span><div class=\"gt3_meta_value type_custom\"><a href=\"mailto:chris@chriscomplex.com\">chris@chriscomplex.com<\/a>\n<\/div><\/div><div class=\"gt3_meta_values_item elementor-repeater-item-30f9222\"><span class=\"gt3_meta_label_title\">Address:<\/span><div class=\"gt3_meta_value type_custom\"><\/div><\/div><div class=\"gt3_meta_values_item elementor-repeater-item-4dfbf03\"><div class=\"gt3_meta_value type_custom\">Chris Complex Executive Stays Damas, en face de la Maison Damas, Yaound\u00e9, Cameroun\n<\/div><\/div><\/div>\t\t\t\t<\/div>\n\t\t\t\t<\/div>\n\t\t\t\t<div class=\"elementor-element elementor-element-96b973e elementor-widget elementor-widget-gt3-core-custommeta\" data-id=\"96b973e\" data-element_type=\"widget\" data-e-type=\"widget\" data-widget_type=\"gt3-core-custommeta.default\">\n\t\t\t\t<div class=\"elementor-widget-container\">\n\t\t\t\t\t<div class=\"gt3_meta_values_wrapper vertical align_left\"><div class=\"gt3_meta_values_item elementor-repeater-item-914ef92\"><div class=\"gt3_meta_value type_custom\"><\/div><\/div><\/div>\t\t\t\t<\/div>\n\t\t\t\t<\/div>\n\t\t\t\t\t<\/div>\n\t\t<\/div>\n\t\t\t\t<div class=\"elementor-column elementor-col-33 elementor-top-column elementor-element elementor-element-baec281\" data-id=\"baec281\" data-element_type=\"column\" data-e-type=\"column\">\n\t\t\t<div class=\"elementor-widget-wrap\">\n\t\t\t\t\t\t\t<\/div>\n\t\t<\/div>\n\t\t\t\t<div class=\"elementor-column elementor-col-33 elementor-top-column elementor-element elementor-element-1e81522\" data-id=\"1e81522\" data-element_type=\"column\" data-e-type=\"column\">\n\t\t\t<div class=\"elementor-widget-wrap elementor-element-populated\">\n\t\t\t\t\t\t<section class=\"elementor-section elementor-inner-section elementor-element elementor-element-0e7dee3 elementor-section-boxed elementor-section-height-default elementor-section-height-default\" data-id=\"0e7dee3\" data-element_type=\"section\" data-e-type=\"section\" data-settings=\"{&quot;background_background&quot;:&quot;classic&quot;}\">\n\t\t\t\t\t\t<div class=\"elementor-container elementor-column-gap-default\">\n\t\t\t\t\t<div class=\"elementor-column elementor-col-100 elementor-inner-column elementor-element elementor-element-8b975d4\" data-id=\"8b975d4\" data-element_type=\"column\" data-e-type=\"column\" data-settings=\"{&quot;background_background&quot;:&quot;classic&quot;}\">\n\t\t\t<div class=\"elementor-widget-wrap elementor-element-populated\">\n\t\t\t\t\t\t<div class=\"elementor-element elementor-element-9e099cc elementor-widget elementor-widget-spacer\" data-id=\"9e099cc\" data-element_type=\"widget\" data-e-type=\"widget\" data-widget_type=\"spacer.default\">\n\t\t\t\t\t\t\t<div class=\"elementor-spacer\">\n\t\t\t<div class=\"elementor-spacer-inner\"><\/div>\n\t\t<\/div>\n\t\t\t\t\t\t<\/div>\n\t\t\t\t<div class=\"elementor-element-custom_font_size elementor-element-custom_color elementor-element elementor-element-fed28fe elementor-widget elementor-widget-text-editor\" data-id=\"fed28fe\" data-element_type=\"widget\" data-e-type=\"widget\" data-widget_type=\"text-editor.default\">\n\t\t\t\t\t\t\t\t\t<p>Nous sommes impatients de vous accueillir et de faire de votre s\u00e9jour une exp\u00e9rience inoubliable. N&#8217;h\u00e9sitez pas \u00e0 nous contacter par le moyen qui vous convient le mieux.<\/p>\n\t\t\t\t\t\t\t\t<\/div>\n\t\t\t\t<div class=\"elementor-element elementor-element-ba9d379 elementor-widget elementor-widget-spacer\" data-id=\"ba9d379\" data-element_type=\"widget\" data-e-type=\"widget\" data-widget_type=\"spacer.default\">\n\t\t\t\t\t\t\t<div class=\"elementor-spacer\">\n\t\t\t<div class=\"elementor-spacer-inner\"><\/div>\n\t\t<\/div>\n\t\t\t\t\t\t<\/div>\n\t\t\t\t<div class=\"elementor-element elementor-element-c3a456a elementor-widget elementor-widget-html\" data-id=\"c3a456a\" data-element_type=\"widget\" data-e-type=\"widget\" data-widget_type=\"html.default\">\n\t\t\t\t\t<p class=\"wpcf7-contact-form-not-found\"><strong>Erreur\u00a0:<\/strong> Formulaire de contact non trouv\u00e9\u00a0!<\/p>\t\t\t\t<\/div>\n\t\t\t\t\t<\/div>\n\t\t<\/div>\n\t\t\t\t\t<\/div>\n\t\t<\/section>\n\t\t\t\t<div class=\"elementor-element elementor-element-33e5731 elementor-widget elementor-widget-spacer\" data-id=\"33e5731\" data-element_type=\"widget\" data-e-type=\"widget\" data-widget_type=\"spacer.default\">\n\t\t\t\t\t\t\t<div class=\"elementor-spacer\">\n\t\t\t<div class=\"elementor-spacer-inner\"><\/div>\n\t\t<\/div>\n\t\t\t\t\t\t<\/div>\n\t\t\t\t\t<\/div>\n\t\t<\/div>\n\t\t\t\t\t<\/div>\n\t\t<\/section>\n\t\t\t\t<\/div>\n\t\t","protected":false},"excerpt":{"rendered":"","protected":false},"author":248607929,"featured_media":12652,"parent":0,"menu_order":0,"comment_status":"closed","ping_status":"closed","template":"","meta":{"_crdt_document":"","jetpack_post_was_ever_published":false,"footnotes":""},"class_list":["post-12917","page","type-page","status-publish","has-post-thumbnail","hentry"],"yoast_head":"<!-- This site is optimized with the Yoast SEO plugin v27.3 - https:\/\/yoast.com\/product\/yoast-seo-wordpress\/ -->\n<title>Contact Us<\/title>\n<meta name=\"robots\" content=\"index, follow, max-snippet:-1, max-image-preview:large, max-video-preview:-1\" \/>\n<link rel=\"canonical\" href=\"https:\/\/chriscomplex.com\/fr\/contact-us-2\/\" \/>\n<meta property=\"og:locale\" content=\"fr_FR\" \/>\n<meta property=\"og:locale:alternate\" content=\"fr_FR\" \/>\n<meta property=\"og:type\" content=\"article\" \/>\n<meta property=\"og:title\" content=\"Contact Us\" \/>\n<meta property=\"og:url\" content=\"https:\/\/chriscomplex.com\/fr\/contact-us-2\/\" \/>\n<meta property=\"og:site_name\" content=\"Chris Complex Executive Stays\" \/>\n<meta property=\"article:modified_time\" content=\"2024-06-27T05:35:22+00:00\" \/>\n<meta property=\"og:image\" content=\"https:\/\/chriscomplex.com\/wp-content\/uploads\/2024\/04\/About-us_banner-2.png\" \/>\n\t<meta property=\"og:image:width\" content=\"1920\" \/>\n\t<meta property=\"og:image:height\" content=\"350\" \/>\n\t<meta property=\"og:image:type\" content=\"image\/png\" \/>\n<meta name=\"twitter:card\" content=\"summary_large_image\" \/>\n<meta name=\"twitter:label1\" content=\"Dur\u00e9e de lecture estim\u00e9e\" \/>\n\t<meta name=\"twitter:data1\" content=\"1 minute\" \/>\n<script type=\"application\/ld+json\" class=\"yoast-schema-graph\">{\"@context\":\"https:\\\/\\\/schema.org\",\"@graph\":[{\"@type\":\"WebPage\",\"@id\":\"https:\\\/\\\/chriscomplex.com\\\/fr\\\/contact-us-2\\\/\",\"url\":\"https:\\\/\\\/chriscomplex.com\\\/fr\\\/contact-us-2\\\/\",\"name\":\"Contact Us\",\"isPartOf\":{\"@id\":\"https:\\\/\\\/chriscomplex.com\\\/fr\\\/#website\"},\"primaryImageOfPage\":{\"@id\":\"https:\\\/\\\/chriscomplex.com\\\/fr\\\/contact-us-2\\\/#primaryimage\"},\"image\":{\"@id\":\"https:\\\/\\\/chriscomplex.com\\\/fr\\\/contact-us-2\\\/#primaryimage\"},\"thumbnailUrl\":\"https:\\\/\\\/i0.wp.com\\\/chriscomplex.com\\\/wp-content\\\/uploads\\\/2024\\\/04\\\/About-us_banner-2.png?fit=1920%2C350&ssl=1\",\"datePublished\":\"2021-07-16T11:36:11+00:00\",\"dateModified\":\"2024-06-27T05:35:22+00:00\",\"breadcrumb\":{\"@id\":\"https:\\\/\\\/chriscomplex.com\\\/fr\\\/contact-us-2\\\/#breadcrumb\"},\"inLanguage\":\"fr-FR\",\"potentialAction\":[{\"@type\":\"ReadAction\",\"target\":[\"https:\\\/\\\/chriscomplex.com\\\/fr\\\/contact-us-2\\\/\"]}]},{\"@type\":\"ImageObject\",\"inLanguage\":\"fr-FR\",\"@id\":\"https:\\\/\\\/chriscomplex.com\\\/fr\\\/contact-us-2\\\/#primaryimage\",\"url\":\"https:\\\/\\\/i0.wp.com\\\/chriscomplex.com\\\/wp-content\\\/uploads\\\/2024\\\/04\\\/About-us_banner-2.png?fit=1920%2C350&ssl=1\",\"contentUrl\":\"https:\\\/\\\/i0.wp.com\\\/chriscomplex.com\\\/wp-content\\\/uploads\\\/2024\\\/04\\\/About-us_banner-2.png?fit=1920%2C350&ssl=1\",\"width\":1920,\"height\":350},{\"@type\":\"BreadcrumbList\",\"@id\":\"https:\\\/\\\/chriscomplex.com\\\/fr\\\/contact-us-2\\\/#breadcrumb\",\"itemListElement\":[{\"@type\":\"ListItem\",\"position\":1,\"name\":\"Home\",\"item\":\"https:\\\/\\\/chriscomplex.com\\\/fr\\\/\"},{\"@type\":\"ListItem\",\"position\":2,\"name\":\"Contactez-nous\"}]},{\"@type\":\"WebSite\",\"@id\":\"https:\\\/\\\/chriscomplex.com\\\/fr\\\/#website\",\"url\":\"https:\\\/\\\/chriscomplex.com\\\/fr\\\/\",\"name\":\"Chris Complex Executive Stays\",\"description\":\"Luxury Furnished Apartments, Guest Houses in Yaound\u00e9\",\"publisher\":{\"@id\":\"https:\\\/\\\/chriscomplex.com\\\/fr\\\/#organization\"},\"potentialAction\":[{\"@type\":\"SearchAction\",\"target\":{\"@type\":\"EntryPoint\",\"urlTemplate\":\"https:\\\/\\\/chriscomplex.com\\\/fr\\\/?s={search_term_string}\"},\"query-input\":{\"@type\":\"PropertyValueSpecification\",\"valueRequired\":true,\"valueName\":\"search_term_string\"}}],\"inLanguage\":\"fr-FR\"},{\"@type\":\"Organization\",\"@id\":\"https:\\\/\\\/chriscomplex.com\\\/fr\\\/#organization\",\"name\":\"Chris Complex Executive Stays\",\"url\":\"https:\\\/\\\/chriscomplex.com\\\/fr\\\/\",\"logo\":{\"@type\":\"ImageObject\",\"inLanguage\":\"fr-FR\",\"@id\":\"https:\\\/\\\/chriscomplex.com\\\/fr\\\/#\\\/schema\\\/logo\\\/image\\\/\",\"url\":\"https:\\\/\\\/i0.wp.com\\\/chriscomplex.com\\\/wp-content\\\/uploads\\\/2021\\\/04\\\/chris_logo-png.png?fit=250%2C250&ssl=1\",\"contentUrl\":\"https:\\\/\\\/i0.wp.com\\\/chriscomplex.com\\\/wp-content\\\/uploads\\\/2021\\\/04\\\/chris_logo-png.png?fit=250%2C250&ssl=1\",\"width\":250,\"height\":250,\"caption\":\"Chris Complex Executive Stays\"},\"image\":{\"@id\":\"https:\\\/\\\/chriscomplex.com\\\/fr\\\/#\\\/schema\\\/logo\\\/image\\\/\"}}]}<\/script>\n<!-- \/ Yoast SEO plugin. -->","yoast_head_json":{"title":"Contact Us","robots":{"index":"index","follow":"follow","max-snippet":"max-snippet:-1","max-image-preview":"max-image-preview:large","max-video-preview":"max-video-preview:-1"},"canonical":"https:\/\/chriscomplex.com\/fr\/contact-us-2\/","og_locale":"fr_FR","og_type":"article","og_title":"[:en]Contact Us [:fr]Contactez-nous[:] - Chris Complex Executive Stays","og_url":"https:\/\/chriscomplex.com\/fr\/contact-us-2\/","og_site_name":"Chris Complex Executive Stays","article_modified_time":"2024-06-27T05:35:22+00:00","og_image":[{"width":1920,"height":350,"url":"https:\/\/chriscomplex.com\/wp-content\/uploads\/2024\/04\/About-us_banner-2.png","type":"image\/png"}],"twitter_card":"summary_large_image","twitter_misc":{"Dur\u00e9e de lecture estim\u00e9e":"1 minute"},"schema":{"@context":"https:\/\/schema.org","@graph":[{"@type":"WebPage","@id":"https:\/\/chriscomplex.com\/fr\/contact-us-2\/","url":"https:\/\/chriscomplex.com\/fr\/contact-us-2\/","name":"Contact Us","isPartOf":{"@id":"https:\/\/chriscomplex.com\/fr\/#website"},"primaryImageOfPage":{"@id":"https:\/\/chriscomplex.com\/fr\/contact-us-2\/#primaryimage"},"image":{"@id":"https:\/\/chriscomplex.com\/fr\/contact-us-2\/#primaryimage"},"thumbnailUrl":"https:\/\/i0.wp.com\/chriscomplex.com\/wp-content\/uploads\/2024\/04\/About-us_banner-2.png?fit=1920%2C350&ssl=1","datePublished":"2021-07-16T11:36:11+00:00","dateModified":"2024-06-27T05:35:22+00:00","breadcrumb":{"@id":"https:\/\/chriscomplex.com\/fr\/contact-us-2\/#breadcrumb"},"inLanguage":"fr-FR","potentialAction":[{"@type":"ReadAction","target":["https:\/\/chriscomplex.com\/fr\/contact-us-2\/"]}]},{"@type":"ImageObject","inLanguage":"fr-FR","@id":"https:\/\/chriscomplex.com\/fr\/contact-us-2\/#primaryimage","url":"https:\/\/i0.wp.com\/chriscomplex.com\/wp-content\/uploads\/2024\/04\/About-us_banner-2.png?fit=1920%2C350&ssl=1","contentUrl":"https:\/\/i0.wp.com\/chriscomplex.com\/wp-content\/uploads\/2024\/04\/About-us_banner-2.png?fit=1920%2C350&ssl=1","width":1920,"height":350},{"@type":"BreadcrumbList","@id":"https:\/\/chriscomplex.com\/fr\/contact-us-2\/#breadcrumb","itemListElement":[{"@type":"ListItem","position":1,"name":"Home","item":"https:\/\/chriscomplex.com\/fr\/"},{"@type":"ListItem","position":2,"name":"Contactez-nous"}]},{"@type":"WebSite","@id":"https:\/\/chriscomplex.com\/fr\/#website","url":"https:\/\/chriscomplex.com\/fr\/","name":"Chris Complex Executive Stays","description":"Luxury Furnished Apartments, Guest Houses in Yaound\u00e9","publisher":{"@id":"https:\/\/chriscomplex.com\/fr\/#organization"},"potentialAction":[{"@type":"SearchAction","target":{"@type":"EntryPoint","urlTemplate":"https:\/\/chriscomplex.com\/fr\/?s={search_term_string}"},"query-input":{"@type":"PropertyValueSpecification","valueRequired":true,"valueName":"search_term_string"}}],"inLanguage":"fr-FR"},{"@type":"Organization","@id":"https:\/\/chriscomplex.com\/fr\/#organization","name":"Chris Complex Executive Stays","url":"https:\/\/chriscomplex.com\/fr\/","logo":{"@type":"ImageObject","inLanguage":"fr-FR","@id":"https:\/\/chriscomplex.com\/fr\/#\/schema\/logo\/image\/","url":"https:\/\/i0.wp.com\/chriscomplex.com\/wp-content\/uploads\/2021\/04\/chris_logo-png.png?fit=250%2C250&ssl=1","contentUrl":"https:\/\/i0.wp.com\/chriscomplex.com\/wp-content\/uploads\/2021\/04\/chris_logo-png.png?fit=250%2C250&ssl=1","width":250,"height":250,"caption":"Chris Complex Executive Stays"},"image":{"@id":"https:\/\/chriscomplex.com\/fr\/#\/schema\/logo\/image\/"}}]}},"jetpack_likes_enabled":true,"jetpack_sharing_enabled":true,"jetpack_shortlink":"https:\/\/wp.me\/PdVVdj-3ml","jetpack-related-posts":[],"_links":{"self":[{"href":"https:\/\/chriscomplex.com\/fr\/wp-json\/wp\/v2\/pages\/12917","targetHints":{"allow":["GET"]}}],"collection":[{"href":"https:\/\/chriscomplex.com\/fr\/wp-json\/wp\/v2\/pages"}],"about":[{"href":"https:\/\/chriscomplex.com\/fr\/wp-json\/wp\/v2\/types\/page"}],"author":[{"embeddable":true,"href":"https:\/\/chriscomplex.com\/fr\/wp-json\/wp\/v2\/users\/248607929"}],"replies":[{"embeddable":true,"href":"https:\/\/chriscomplex.com\/fr\/wp-json\/wp\/v2\/comments?post=12917"}],"version-history":[{"count":17,"href":"https:\/\/chriscomplex.com\/fr\/wp-json\/wp\/v2\/pages\/12917\/revisions"}],"predecessor-version":[{"id":13343,"href":"https:\/\/chriscomplex.com\/fr\/wp-json\/wp\/v2\/pages\/12917\/revisions\/13343"}],"wp:featuredmedia":[{"embeddable":true,"href":"https:\/\/chriscomplex.com\/fr\/wp-json\/wp\/v2\/media\/12652"}],"wp:attachment":[{"href":"https:\/\/chriscomplex.com\/fr\/wp-json\/wp\/v2\/media?parent=12917"}],"curies":[{"name":"wp","href":"https:\/\/api.w.org\/{rel}","templated":true}]}}