{"id":13349,"date":"2024-06-27T05:14:27","date_gmt":"2024-06-27T05:14:27","guid":{"rendered":"https:\/\/chriscomplex.com\/fr\/office-space\/"},"modified":"2024-07-02T06:57:10","modified_gmt":"2024-07-02T06:57:10","slug":"office-space","status":"publish","type":"page","link":"https:\/\/chriscomplex.com\/fr\/office-space\/","title":{"rendered":"Bureaux \u00e0 Louer au"},"content":{"rendered":"\t\t<div data-elementor-type=\"wp-page\" data-elementor-id=\"13349\" class=\"elementor elementor-13349 elementor-13329\">\n\t\t\t\t<div class=\"elementor-element elementor-element-760abf1 e-flex e-con-boxed e-con e-parent\" data-id=\"760abf1\" data-element_type=\"container\" data-e-type=\"container\">\n\t\t\t\t\t<div class=\"e-con-inner\">\n\t\t<div class=\"elementor-element elementor-element-eb46c55 e-con-full e-flex e-con e-child\" data-id=\"eb46c55\" data-element_type=\"container\" data-e-type=\"container\">\n\t\t<div class=\"elementor-element elementor-element-c524e3e e-con-full e-flex e-con e-child\" data-id=\"c524e3e\" data-element_type=\"container\" data-e-type=\"container\">\n\t\t\t\t<div class=\"elementor-element elementor-element-ead3932 elementor-widget elementor-widget-heading\" data-id=\"ead3932\" data-element_type=\"widget\" data-e-type=\"widget\" data-widget_type=\"heading.default\">\n\t\t\t\t\t<h2 class=\"elementor-heading-title elementor-size-default\">Bienvenue dans Votre Espace de Travail Id\u00e9al<\/h2>\t\t\t\t<\/div>\n\t\t\t\t<div class=\"elementor-element-custom_font_size elementor-element-custom_color elementor-element elementor-element-e366b19 elementor-widget elementor-widget-text-editor\" data-id=\"e366b19\" data-element_type=\"widget\" data-e-type=\"widget\" data-widget_type=\"text-editor.default\">\n\t\t\t\t\t\t\t\t\tD\u00e9couvrez l&#8217;espace de bureau parfait pour votre entreprise au Chris Complex, strat\u00e9giquement situ\u00e9 pour renforcer votre pr\u00e9sence corporative. Chaque suite de bureaux est con\u00e7ue avec flexibilit\u00e9 et efficacit\u00e9 \u00e0 l&#8217;esprit, offrant les caract\u00e9ristiques suivantes :\t\t\t\t\t\t\t\t<\/div>\n\t\t\t\t<div class=\"elementor-element-custom_font_size elementor-element-custom_color elementor-element elementor-element-0a05240 elementor-widget elementor-widget-text-editor\" data-id=\"0a05240\" data-element_type=\"widget\" data-e-type=\"widget\" data-widget_type=\"text-editor.default\">\n\t\t\t\t\t\t\t\t\t<ul class=\"ul-style\">\n \t<li><b>Agencements Spacieux<\/b>: Nos espaces de bureaux comprennent deux bureaux priv\u00e9s qui r\u00e9pondent aux besoins ex\u00e9cutifs, ainsi qu&#8217;une grande r\u00e9ception qui peut \u00eatre personnalis\u00e9e en postes de travail s\u00e9par\u00e9s ou en bureaux plus petits selon les besoins de votre entreprise.<\/li>\n \t<li><b>Commodit\u00e9s Modernes<\/b>:Chaque bureau est \u00e9quip\u00e9 de 2,5 salles de bains et d&#8217;une zone de cuisine, assurant la commodit\u00e9 et le confort pour votre \u00e9quipe et vos visiteurs.<\/li>\n \t<li><b>Vues Imprenantes<\/b>:Profitez de balcons avec des vues \u00e0 l&#8217;avant et \u00e0 l&#8217;arri\u00e8re du b\u00e2timent, offrant un cadre serein \u00e0 votre journ\u00e9e de travail charg\u00e9e.<\/li>\n \t<li><b>S\u00e9curit\u00e9 In\u00e9gal\u00e9e :<\/b>: Avec une s\u00e9curit\u00e9 24\/7, Chris Complex assure un environnement s\u00fbr et s\u00e9curis\u00e9 pour vos op\u00e9rations commerciales.<\/li>\n<\/ul>\nQue vous soyez une startup \u00e0 la recherche de votre premier bureau ou une entreprise \u00e9tablie ayant besoin de plus d&#8217;espace, Chris Complex offre un cadre professionnel avec des commodit\u00e9s in\u00e9gal\u00e9es con\u00e7ues pour soutenir et am\u00e9liorer vos activit\u00e9s commerciales.\n<br><br>\n<a href=\"https:\/\/chriscomplex.com\/contact-us\/\"><b>Contactez-nous Aujourd&#8217;hui<\/b><\/a> pour planifier une visite et voir comment Chris Complex peut servir de base \u00e0 votre entreprise.\t\t\t\t\t\t\t\t<\/div>\n\t\t\t\t<\/div>\n\t\t<div class=\"elementor-element elementor-element-8e50507 e-con-full e-flex e-con e-child\" data-id=\"8e50507\" data-element_type=\"container\" data-e-type=\"container\">\n\t\t\t\t<div class=\"elementor-element elementor-element-b9da19b elementor-widget elementor-widget-image\" data-id=\"b9da19b\" data-element_type=\"widget\" data-e-type=\"widget\" data-widget_type=\"image.default\">\n\t\t\t\t\t\t\t\t\t\t\t\t\t\t\t<img fetchpriority=\"high\" decoding=\"async\" data-attachment-id=\"13485\" data-permalink=\"https:\/\/chriscomplex.com\/fr\/office-space\/f167799a-5e07-4c61-bc13-29cceccc133a-2\/\" data-orig-file=\"https:\/\/i0.wp.com\/chriscomplex.com\/wp-content\/uploads\/2024\/07\/f167799a-5e07-4c61-bc13-29cceccc133a.jpeg?fit=750%2C1000&amp;ssl=1\" data-orig-size=\"750,1000\" data-comments-opened=\"1\" data-image-meta=\"{&quot;aperture&quot;:&quot;0&quot;,&quot;credit&quot;:&quot;&quot;,&quot;camera&quot;:&quot;&quot;,&quot;caption&quot;:&quot;&quot;,&quot;created_timestamp&quot;:&quot;0&quot;,&quot;copyright&quot;:&quot;&quot;,&quot;focal_length&quot;:&quot;0&quot;,&quot;iso&quot;:&quot;0&quot;,&quot;shutter_speed&quot;:&quot;0&quot;,&quot;title&quot;:&quot;&quot;,&quot;orientation&quot;:&quot;0&quot;}\" data-image-title=\"f167799a-5e07-4c61-bc13-29cceccc133a\" data-image-description=\"\" data-image-caption=\"\" data-large-file=\"https:\/\/i0.wp.com\/chriscomplex.com\/wp-content\/uploads\/2024\/07\/f167799a-5e07-4c61-bc13-29cceccc133a.jpeg?fit=750%2C1000&amp;ssl=1\" width=\"750\" height=\"1000\" src=\"https:\/\/i0.wp.com\/chriscomplex.com\/wp-content\/uploads\/2024\/07\/f167799a-5e07-4c61-bc13-29cceccc133a.jpeg?fit=750%2C1000&amp;ssl=1\" class=\"attachment-large size-large wp-image-13485\" alt=\"\" srcset=\"https:\/\/i0.wp.com\/chriscomplex.com\/wp-content\/uploads\/2024\/07\/f167799a-5e07-4c61-bc13-29cceccc133a.jpeg?w=750&amp;ssl=1 750w, https:\/\/i0.wp.com\/chriscomplex.com\/wp-content\/uploads\/2024\/07\/f167799a-5e07-4c61-bc13-29cceccc133a.jpeg?resize=225%2C300&amp;ssl=1 225w, https:\/\/i0.wp.com\/chriscomplex.com\/wp-content\/uploads\/2024\/07\/f167799a-5e07-4c61-bc13-29cceccc133a.jpeg?resize=480%2C640&amp;ssl=1 480w, https:\/\/i0.wp.com\/chriscomplex.com\/wp-content\/uploads\/2024\/07\/f167799a-5e07-4c61-bc13-29cceccc133a.jpeg?resize=600%2C800&amp;ssl=1 600w, https:\/\/i0.wp.com\/chriscomplex.com\/wp-content\/uploads\/2024\/07\/f167799a-5e07-4c61-bc13-29cceccc133a.jpeg?resize=450%2C600&amp;ssl=1 450w, https:\/\/i0.wp.com\/chriscomplex.com\/wp-content\/uploads\/2024\/07\/f167799a-5e07-4c61-bc13-29cceccc133a.jpeg?resize=300%2C400&amp;ssl=1 300w, https:\/\/i0.wp.com\/chriscomplex.com\/wp-content\/uploads\/2024\/07\/f167799a-5e07-4c61-bc13-29cceccc133a.jpeg?resize=150%2C200&amp;ssl=1 150w\" sizes=\"(max-width: 750px) 100vw, 750px\" data-attachment-id=\"13485\" data-permalink=\"https:\/\/chriscomplex.com\/fr\/office-space\/f167799a-5e07-4c61-bc13-29cceccc133a-2\/\" data-orig-file=\"https:\/\/i0.wp.com\/chriscomplex.com\/wp-content\/uploads\/2024\/07\/f167799a-5e07-4c61-bc13-29cceccc133a.jpeg?fit=750%2C1000&amp;ssl=1\" data-orig-size=\"750,1000\" data-comments-opened=\"1\" data-image-meta=\"{&quot;aperture&quot;:&quot;0&quot;,&quot;credit&quot;:&quot;&quot;,&quot;camera&quot;:&quot;&quot;,&quot;caption&quot;:&quot;&quot;,&quot;created_timestamp&quot;:&quot;0&quot;,&quot;copyright&quot;:&quot;&quot;,&quot;focal_length&quot;:&quot;0&quot;,&quot;iso&quot;:&quot;0&quot;,&quot;shutter_speed&quot;:&quot;0&quot;,&quot;title&quot;:&quot;&quot;,&quot;orientation&quot;:&quot;0&quot;}\" data-image-title=\"f167799a-5e07-4c61-bc13-29cceccc133a\" data-image-description=\"\" data-image-caption=\"\" data-large-file=\"https:\/\/i0.wp.com\/chriscomplex.com\/wp-content\/uploads\/2024\/07\/f167799a-5e07-4c61-bc13-29cceccc133a.jpeg?fit=750%2C1000&amp;ssl=1\" title=\"f167799a-5e07-4c61-bc13-29cceccc133a\" \/>\t\t\t\t\t\t\t\t\t\t\t\t\t\t\t<\/div>\n\t\t\t\t<\/div>\n\t\t\t\t<\/div>\n\t\t\t\t\t<\/div>\n\t\t\t\t<\/div>\n\t\t<div class=\"elementor-element elementor-element-7fc3029 e-flex e-con-boxed e-con e-parent\" data-id=\"7fc3029\" data-element_type=\"container\" data-e-type=\"container\">\n\t\t\t\t\t<div class=\"e-con-inner\">\n\t\t\t\t<div class=\"elementor-element elementor-element-df87920 elementor-widget elementor-widget-heading\" data-id=\"df87920\" data-element_type=\"widget\" data-e-type=\"widget\" data-widget_type=\"heading.default\">\n\t\t\t\t\t<h2 class=\"elementor-heading-title elementor-size-default\">Galerie<\/h2>\t\t\t\t<\/div>\n\t\t\t\t\t<\/div>\n\t\t\t\t<\/div>\n\t\t<div class=\"elementor-element elementor-element-878c271 e-flex e-con-boxed e-con e-parent\" data-id=\"878c271\" data-element_type=\"container\" data-e-type=\"container\">\n\t\t\t\t\t<div class=\"e-con-inner\">\n\t\t<div class=\"elementor-element elementor-element-ba910d0 e-con-full e-flex e-con e-child\" data-id=\"ba910d0\" data-element_type=\"container\" data-e-type=\"container\">\n\t\t<div class=\"elementor-element elementor-element-33e1e62 e-con-full e-flex e-con e-child\" data-id=\"33e1e62\" data-element_type=\"container\" data-e-type=\"container\">\n\t\t\t\t<div class=\"elementor-element elementor-element-87df421 elementor-widget elementor-widget-gallery\" data-id=\"87df421\" data-element_type=\"widget\" data-e-type=\"widget\" data-widget_type=\"gallery.default\">\n\t\t\t\t<div class=\"elementor-widget-container\">\n\t\t\t\t\t \t\t\t\t<\/div>\n\t\t\t\t<\/div>\n\t\t\t\t<\/div>\n\t\t\t\t<\/div>\n\t\t\t\t\t<\/div>\n\t\t\t\t<\/div>\n\t\t\t\t<\/div>\n\t\t","protected":false},"excerpt":{"rendered":"<p>f167799a-5e07-4c61-bc13-29cceccc133a<\/p>\n","protected":false},"author":248607929,"featured_media":0,"parent":0,"menu_order":0,"comment_status":"closed","ping_status":"closed","template":"","meta":{"_crdt_document":"","jetpack_post_was_ever_published":false,"footnotes":""},"class_list":["post-13349","page","type-page","status-publish","hentry"],"yoast_head":"<!-- This site is optimized with the Yoast SEO plugin v27.3 - https:\/\/yoast.com\/product\/yoast-seo-wordpress\/ -->\n<title>Bureaux \u00e0 Louer au<\/title>\n<meta name=\"robots\" content=\"index, follow, max-snippet:-1, max-image-preview:large, max-video-preview:-1\" \/>\n<link rel=\"canonical\" href=\"https:\/\/chriscomplex.com\/fr\/office-space\/\" \/>\n<meta property=\"og:locale\" content=\"fr_FR\" \/>\n<meta property=\"og:locale:alternate\" content=\"fr_FR\" \/>\n<meta property=\"og:type\" content=\"article\" \/>\n<meta property=\"og:title\" content=\"Bureaux \u00e0 Louer au\" \/>\n<meta property=\"og:description\" content=\"f167799a-5e07-4c61-bc13-29cceccc133a\" \/>\n<meta property=\"og:url\" content=\"https:\/\/chriscomplex.com\/fr\/office-space\/\" \/>\n<meta property=\"og:site_name\" content=\"Chris Complex Executive Stays\" \/>\n<meta property=\"article:modified_time\" content=\"2024-07-02T06:57:10+00:00\" \/>\n<meta property=\"og:image\" content=\"https:\/\/chriscomplex.com\/wp-content\/uploads\/2024\/04\/About-us_banner-2.png\" \/>\n\t<meta property=\"og:image:width\" content=\"1920\" \/>\n\t<meta property=\"og:image:height\" content=\"350\" \/>\n\t<meta property=\"og:image:type\" content=\"image\/png\" \/>\n<meta name=\"twitter:card\" content=\"summary_large_image\" \/>\n<meta name=\"twitter:label1\" content=\"Dur\u00e9e de lecture estim\u00e9e\" \/>\n\t<meta name=\"twitter:data1\" content=\"1 minute\" \/>\n<script type=\"application\/ld+json\" class=\"yoast-schema-graph\">{\"@context\":\"https:\\\/\\\/schema.org\",\"@graph\":[{\"@type\":\"WebPage\",\"@id\":\"https:\\\/\\\/chriscomplex.com\\\/fr\\\/office-space\\\/\",\"url\":\"https:\\\/\\\/chriscomplex.com\\\/fr\\\/office-space\\\/\",\"name\":\"Bureaux \u00e0 Louer au\",\"isPartOf\":{\"@id\":\"https:\\\/\\\/chriscomplex.com\\\/fr\\\/#website\"},\"primaryImageOfPage\":{\"@id\":\"https:\\\/\\\/chriscomplex.com\\\/fr\\\/office-space\\\/#primaryimage\"},\"image\":{\"@id\":\"https:\\\/\\\/chriscomplex.com\\\/fr\\\/office-space\\\/#primaryimage\"},\"thumbnailUrl\":\"https:\\\/\\\/chriscomplex.com\\\/wp-content\\\/uploads\\\/2024\\\/07\\\/f167799a-5e07-4c61-bc13-29cceccc133a.jpeg\",\"datePublished\":\"2024-06-27T05:14:27+00:00\",\"dateModified\":\"2024-07-02T06:57:10+00:00\",\"breadcrumb\":{\"@id\":\"https:\\\/\\\/chriscomplex.com\\\/fr\\\/office-space\\\/#breadcrumb\"},\"inLanguage\":\"fr-FR\",\"potentialAction\":[{\"@type\":\"ReadAction\",\"target\":[\"https:\\\/\\\/chriscomplex.com\\\/fr\\\/office-space\\\/\"]}]},{\"@type\":\"ImageObject\",\"inLanguage\":\"fr-FR\",\"@id\":\"https:\\\/\\\/chriscomplex.com\\\/fr\\\/office-space\\\/#primaryimage\",\"url\":\"https:\\\/\\\/chriscomplex.com\\\/wp-content\\\/uploads\\\/2024\\\/07\\\/f167799a-5e07-4c61-bc13-29cceccc133a.jpeg\",\"contentUrl\":\"https:\\\/\\\/chriscomplex.com\\\/wp-content\\\/uploads\\\/2024\\\/07\\\/f167799a-5e07-4c61-bc13-29cceccc133a.jpeg\"},{\"@type\":\"BreadcrumbList\",\"@id\":\"https:\\\/\\\/chriscomplex.com\\\/fr\\\/office-space\\\/#breadcrumb\",\"itemListElement\":[{\"@type\":\"ListItem\",\"position\":1,\"name\":\"Home\",\"item\":\"https:\\\/\\\/chriscomplex.com\\\/fr\\\/\"},{\"@type\":\"ListItem\",\"position\":2,\"name\":\"Bureaux \u00e0 Louer au\"}]},{\"@type\":\"WebSite\",\"@id\":\"https:\\\/\\\/chriscomplex.com\\\/fr\\\/#website\",\"url\":\"https:\\\/\\\/chriscomplex.com\\\/fr\\\/\",\"name\":\"Chris Complex Executive Stays\",\"description\":\"Luxury Furnished Apartments, Guest Houses in Yaound\u00e9\",\"publisher\":{\"@id\":\"https:\\\/\\\/chriscomplex.com\\\/fr\\\/#organization\"},\"potentialAction\":[{\"@type\":\"SearchAction\",\"target\":{\"@type\":\"EntryPoint\",\"urlTemplate\":\"https:\\\/\\\/chriscomplex.com\\\/fr\\\/?s={search_term_string}\"},\"query-input\":{\"@type\":\"PropertyValueSpecification\",\"valueRequired\":true,\"valueName\":\"search_term_string\"}}],\"inLanguage\":\"fr-FR\"},{\"@type\":\"Organization\",\"@id\":\"https:\\\/\\\/chriscomplex.com\\\/fr\\\/#organization\",\"name\":\"Chris Complex Executive Stays\",\"url\":\"https:\\\/\\\/chriscomplex.com\\\/fr\\\/\",\"logo\":{\"@type\":\"ImageObject\",\"inLanguage\":\"fr-FR\",\"@id\":\"https:\\\/\\\/chriscomplex.com\\\/fr\\\/#\\\/schema\\\/logo\\\/image\\\/\",\"url\":\"https:\\\/\\\/i0.wp.com\\\/chriscomplex.com\\\/wp-content\\\/uploads\\\/2021\\\/04\\\/chris_logo-png.png?fit=250%2C250&ssl=1\",\"contentUrl\":\"https:\\\/\\\/i0.wp.com\\\/chriscomplex.com\\\/wp-content\\\/uploads\\\/2021\\\/04\\\/chris_logo-png.png?fit=250%2C250&ssl=1\",\"width\":250,\"height\":250,\"caption\":\"Chris Complex Executive Stays\"},\"image\":{\"@id\":\"https:\\\/\\\/chriscomplex.com\\\/fr\\\/#\\\/schema\\\/logo\\\/image\\\/\"}}]}<\/script>\n<!-- \/ Yoast SEO plugin. -->","yoast_head_json":{"title":"Bureaux \u00e0 Louer au","robots":{"index":"index","follow":"follow","max-snippet":"max-snippet:-1","max-image-preview":"max-image-preview:large","max-video-preview":"max-video-preview:-1"},"canonical":"https:\/\/chriscomplex.com\/fr\/office-space\/","og_locale":"fr_FR","og_type":"article","og_title":"[:en]Bureaux \u00e0 Louer au[:] - Chris Complex Executive Stays","og_description":"f167799a-5e07-4c61-bc13-29cceccc133a","og_url":"https:\/\/chriscomplex.com\/fr\/office-space\/","og_site_name":"Chris Complex Executive Stays","article_modified_time":"2024-07-02T06:57:10+00:00","og_image":[{"width":1920,"height":350,"url":"https:\/\/chriscomplex.com\/wp-content\/uploads\/2024\/04\/About-us_banner-2.png","type":"image\/png"}],"twitter_card":"summary_large_image","twitter_misc":{"Dur\u00e9e de lecture estim\u00e9e":"1 minute"},"schema":{"@context":"https:\/\/schema.org","@graph":[{"@type":"WebPage","@id":"https:\/\/chriscomplex.com\/fr\/office-space\/","url":"https:\/\/chriscomplex.com\/fr\/office-space\/","name":"Bureaux \u00e0 Louer au","isPartOf":{"@id":"https:\/\/chriscomplex.com\/fr\/#website"},"primaryImageOfPage":{"@id":"https:\/\/chriscomplex.com\/fr\/office-space\/#primaryimage"},"image":{"@id":"https:\/\/chriscomplex.com\/fr\/office-space\/#primaryimage"},"thumbnailUrl":"https:\/\/chriscomplex.com\/wp-content\/uploads\/2024\/07\/f167799a-5e07-4c61-bc13-29cceccc133a.jpeg","datePublished":"2024-06-27T05:14:27+00:00","dateModified":"2024-07-02T06:57:10+00:00","breadcrumb":{"@id":"https:\/\/chriscomplex.com\/fr\/office-space\/#breadcrumb"},"inLanguage":"fr-FR","potentialAction":[{"@type":"ReadAction","target":["https:\/\/chriscomplex.com\/fr\/office-space\/"]}]},{"@type":"ImageObject","inLanguage":"fr-FR","@id":"https:\/\/chriscomplex.com\/fr\/office-space\/#primaryimage","url":"https:\/\/chriscomplex.com\/wp-content\/uploads\/2024\/07\/f167799a-5e07-4c61-bc13-29cceccc133a.jpeg","contentUrl":"https:\/\/chriscomplex.com\/wp-content\/uploads\/2024\/07\/f167799a-5e07-4c61-bc13-29cceccc133a.jpeg"},{"@type":"BreadcrumbList","@id":"https:\/\/chriscomplex.com\/fr\/office-space\/#breadcrumb","itemListElement":[{"@type":"ListItem","position":1,"name":"Home","item":"https:\/\/chriscomplex.com\/fr\/"},{"@type":"ListItem","position":2,"name":"Bureaux \u00e0 Louer au"}]},{"@type":"WebSite","@id":"https:\/\/chriscomplex.com\/fr\/#website","url":"https:\/\/chriscomplex.com\/fr\/","name":"Chris Complex Executive Stays","description":"Luxury Furnished Apartments, Guest Houses in Yaound\u00e9","publisher":{"@id":"https:\/\/chriscomplex.com\/fr\/#organization"},"potentialAction":[{"@type":"SearchAction","target":{"@type":"EntryPoint","urlTemplate":"https:\/\/chriscomplex.com\/fr\/?s={search_term_string}"},"query-input":{"@type":"PropertyValueSpecification","valueRequired":true,"valueName":"search_term_string"}}],"inLanguage":"fr-FR"},{"@type":"Organization","@id":"https:\/\/chriscomplex.com\/fr\/#organization","name":"Chris Complex Executive Stays","url":"https:\/\/chriscomplex.com\/fr\/","logo":{"@type":"ImageObject","inLanguage":"fr-FR","@id":"https:\/\/chriscomplex.com\/fr\/#\/schema\/logo\/image\/","url":"https:\/\/i0.wp.com\/chriscomplex.com\/wp-content\/uploads\/2021\/04\/chris_logo-png.png?fit=250%2C250&ssl=1","contentUrl":"https:\/\/i0.wp.com\/chriscomplex.com\/wp-content\/uploads\/2021\/04\/chris_logo-png.png?fit=250%2C250&ssl=1","width":250,"height":250,"caption":"Chris Complex Executive Stays"},"image":{"@id":"https:\/\/chriscomplex.com\/fr\/#\/schema\/logo\/image\/"}}]}},"jetpack_likes_enabled":true,"jetpack_sharing_enabled":true,"jetpack_shortlink":"https:\/\/wp.me\/PdVVdj-3tj","jetpack-related-posts":[],"_links":{"self":[{"href":"https:\/\/chriscomplex.com\/fr\/wp-json\/wp\/v2\/pages\/13349","targetHints":{"allow":["GET"]}}],"collection":[{"href":"https:\/\/chriscomplex.com\/fr\/wp-json\/wp\/v2\/pages"}],"about":[{"href":"https:\/\/chriscomplex.com\/fr\/wp-json\/wp\/v2\/types\/page"}],"author":[{"embeddable":true,"href":"https:\/\/chriscomplex.com\/fr\/wp-json\/wp\/v2\/users\/248607929"}],"replies":[{"embeddable":true,"href":"https:\/\/chriscomplex.com\/fr\/wp-json\/wp\/v2\/comments?post=13349"}],"version-history":[{"count":40,"href":"https:\/\/chriscomplex.com\/fr\/wp-json\/wp\/v2\/pages\/13349\/revisions"}],"predecessor-version":[{"id":13688,"href":"https:\/\/chriscomplex.com\/fr\/wp-json\/wp\/v2\/pages\/13349\/revisions\/13688"}],"wp:attachment":[{"href":"https:\/\/chriscomplex.com\/fr\/wp-json\/wp\/v2\/media?parent=13349"}],"curies":[{"name":"wp","href":"https:\/\/api.w.org\/{rel}","templated":true}]}}